{"id":9,"date":"2008-07-09T22:58:29","date_gmt":"2008-07-09T20:58:29","guid":{"rendered":"http:\/\/www.baseball-zone.de\/?page_id=9"},"modified":"2018-05-05T23:04:23","modified_gmt":"2018-05-05T22:04:23","slug":"defense","status":"publish","type":"page","link":"http:\/\/www.baseball-zone.de\/?page_id=9","title":{"rendered":"Defense"},"content":{"rendered":"<p><strong>Wie man einen Runner &#8222;aus&#8220; macht<br \/>\n<\/strong><\/p>\n<p><a href=\"http:\/\/www.baseball-zone.de\/wp-content\/uploads\/2008\/07\/glove.jpg\"><img loading=\"lazy\" class=\"size-full wp-image-11 alignleft\" style=\"margin: 15px;\" title=\"Ball im Handschuh\" src=\"http:\/\/www.baseball-zone.de\/wp-content\/uploads\/2008\/07\/glove.jpg\" alt=\"Ball im Handschuh\" width=\"85\" height=\"85\" \/><\/a><\/p>\n<p>Drei &#8222;Aus&#8220; m\u00fcssen erzielt werden, und das m\u00f6glichst ohne, da\u00df einer der Batter in der Lage ist zu punkten. Um einen Spieler &#8222;Aus&#8220; zu machen, gibt es verschiedene M\u00f6glichkeiten:<\/p>\n<ul>\n<li>Strike Out: Wie weiter oben beschrieben: der Pitcher wirft drei Strikes.<\/li>\n<li>Fly Out:Ein geschlagener Ball wird direkt aus der Luft gefangen, also bevor er etwas anderes ber\u00fchrt als einen Spieler. Sollte ein Ball einmal von einem anderen Spieler abprallen, bevor er gefangen wird, dann gilt er trotzdem als aus der Luft gefangen. Nur wenn er Boden oder W\u00e4nde ber\u00fchrt, ist er nicht aus der Luft gefangen worden.<\/li>\n<li>Tag Out:Eine der anspruchvollsten M\u00f6glichkeiten. Der Runner wird mit dem Ball, oder dem Handschuh, der den Ball enth\u00e4lt, ber\u00fchrt, ohne da\u00df er Verbindung zu einem Base hat. Der Runner ist nur an einem Base sicher, also ist er aus!Diese Art des aus kann man immer anwenden. Sie mu\u00df allerdings angewandt werden, wenn der Runner freiwillig seine Base verl\u00e4\u00dft, also zum Beispiel beim &#8222;stehlen&#8220;. Aufgrund der Regel, da\u00df immer nur ein Runner an einem Base sein darf, kann es schon mal sein, da\u00df ein Runner gezwungen ist zu laufen. Dann mu\u00df man ihn nicht ber\u00fchren, dann gibt es noch eine andere M\u00f6glickkeit:<\/li>\n<li>Forced Out:Also &#8222;erzwungenes aus&#8220;. Diese Art des Aus kann dann passieren, wenn ein Runner gezwungen ist, zu laufen. Die Standardsituation ist ein geschlagener Ball im Infield. Einer der Feldspieler nimmt ihn auf, und wirft ihn zu dem Base, auf das der Runner zul\u00e4uft,. im Normalfall das Erste. Der Spieler an der ersten Base f\u00e4ngt den Ball einfach, w\u00e4hrend er auf der Base steht. Da der Ball vor dem Runner da war, ist ein aus erzwungen.Gleiches gilt, wenn ein Runner bereits an der ersten Base steht. Er ist gezwungen, zur zweiten zu laufen, man mu\u00df also nur mit dem Ball in der Hand auf die zweite Base treten, also das Base &#8222;taggen&#8220;, dann ist der Runner aus. Dadurch kann es zu einer spektakul\u00e4ren Situation kommen, wenn die Feldverteidigung den Ball an die zweite und erste Base werfen kann, dann sind beide Runner aus. Man redet dann von einem &#8222;double play&#8220;.<\/li>\n<\/ul>\n<p><strong>&#8222;Perfect Game<\/strong>&#8220;<\/p>\n<p>Eine Besonderheit, die jeder Pitcher gerne in seinem Leben erleben w\u00fcrde. Selbst den Besten, gelingt das nur in Ausnahmef\u00e4llen. Ein perfektes Spiel bedeutet n\u00e4mlich f\u00fcr den Werfer des Teams nichts anderes, als dass er keinerlei Fehler gemacht hat. Schon keinen Hit erlaubt zu haben (ein sogenannter <strong>No-Hitter<\/strong>), ist etwas sehr besonderes. Aber tats\u00e4chlich daf\u00fcr zu sorrgen, dass in neun Innings kein einziger Batter zum Runner wird und die erste Base erreicht, ist schon eine Aufgabe, an der selbst die Besten in der Regel scheitern. Es gibt Ausnahmen, im Jahrzehnt eine oder zwei, und das in der besten Spielklasse, den Major Leagues, die mehr als 160 Spiele pro Mannschaft im Jahr haben. 27 Aus in Folge, ohne einen Fehler, ohne einen Walk, ohne einen Hit. Eine ganz besondere Leistung, die in der Regel auch dazu f\u00fchrt, dass ein solcher Pitcher in die &#8222;<strong>Hall of Fame<\/strong>&#8222;, die Ruhmeshalle des Baseball, aufgenommen wird.<\/p>\n<p><strong>Zusammenfassung<\/strong><\/p>\n<p>Ist es der Defense auf die beschriebenen Arten gelungen, drei der gegnerischen Spieler regelkonform &#8222;aus&#8220; zu machen, dann wechselt das Schlagrecht, und die bisherigen Feldverteidiger d\u00fcrfen nun Schlagen, also selbst versuchen, Punkte zu erzielen.<\/p>\n","protected":false},"excerpt":{"rendered":"<p>Wie man einen Runner &#8222;aus&#8220; macht Drei &#8222;Aus&#8220; m\u00fcssen erzielt werden, und das m\u00f6glichst ohne, da\u00df einer der Batter in der Lage ist zu punkten. Um einen Spieler &#8222;Aus&#8220; zu machen, gibt es verschiedene M\u00f6glichkeiten: Strike Out: Wie weiter oben &hellip; <a href=\"http:\/\/www.baseball-zone.de\/?page_id=9\">Weiterlesen <span class=\"meta-nav\">&rarr;<\/span><\/a><\/p>\n","protected":false},"author":2,"featured_media":0,"parent":275,"menu_order":4,"comment_status":"closed","ping_status":"open","template":"","meta":{"jetpack_post_was_ever_published":false},"jetpack_sharing_enabled":true,"jetpack_shortlink":"https:\/\/wp.me\/PhQOQ-9","_links":{"self":[{"href":"http:\/\/www.baseball-zone.de\/index.php?rest_route=\/wp\/v2\/pages\/9"}],"collection":[{"href":"http:\/\/www.baseball-zone.de\/index.php?rest_route=\/wp\/v2\/pages"}],"about":[{"href":"http:\/\/www.baseball-zone.de\/index.php?rest_route=\/wp\/v2\/types\/page"}],"author":[{"embeddable":true,"href":"http:\/\/www.baseball-zone.de\/index.php?rest_route=\/wp\/v2\/users\/2"}],"replies":[{"embeddable":true,"href":"http:\/\/www.baseball-zone.de\/index.php?rest_route=%2Fwp%2Fv2%2Fcomments&post=9"}],"version-history":[{"count":9,"href":"http:\/\/www.baseball-zone.de\/index.php?rest_route=\/wp\/v2\/pages\/9\/revisions"}],"predecessor-version":[{"id":2462,"href":"http:\/\/www.baseball-zone.de\/index.php?rest_route=\/wp\/v2\/pages\/9\/revisions\/2462"}],"up":[{"embeddable":true,"href":"http:\/\/www.baseball-zone.de\/index.php?rest_route=\/wp\/v2\/pages\/275"}],"wp:attachment":[{"href":"http:\/\/www.baseball-zone.de\/index.php?rest_route=%2Fwp%2Fv2%2Fmedia&parent=9"}],"curies":[{"name":"wp","href":"https:\/\/api.w.org\/{rel}","templated":true}]}}