{"id":806,"date":"2008-08-25T20:47:19","date_gmt":"2008-08-25T19:47:19","guid":{"rendered":"http:\/\/www.baseball-zone.de\/?page_id=806"},"modified":"2018-05-05T23:04:23","modified_gmt":"2018-05-05T22:04:23","slug":"tabellen","status":"publish","type":"page","link":"http:\/\/www.baseball-zone.de\/?page_id=806","title":{"rendered":"Erg\/Tabellen 2014"},"content":{"rendered":"<p><strong>W I N T E R P A U S E<\/strong><\/p>\n<p>In welchen Ligen spielen die Teams, die die Baseball-Zone 2010 beobachtet?<\/p>\n<p>Aalen Strikers &#8211; <a href=\"http:\/\/www.baseball-zone.de\/tabellen\/landesliga-bw-gruppe-1\/\" target=\"_self\">Landesliga BW Gruppe 1<br \/>\n<\/a>Dornstadt Falcons &#8211; <a href=\"http:\/\/www.baseball-zone.de\/tabellen\/bezirksliga-bb-gruppe-3\/\" target=\"_self\">Bezirksliga BW\u00a0Gruppe 3<\/a><br \/>\nEllwangen Elks &#8211; <a href=\"http:\/\/www.baseball-zone.de\/tabellen\/regionalliga-sudost\/\" target=\"_self\">Regionalliga S\u00fcdost<\/a> und <a href=\"http:\/\/www.baseball-zone.de\/tabellen\/landesliga-bw-gruppe-1\/\" target=\"_self\">Landesliga BW Gruppe 1<\/a><br \/>\nHeidenheim Heidek\u00f6pfe &#8211; <a href=\"http:\/\/www.baseball-zone.de\/tabellen\/1-bundesliga-sud\/\" target=\"_self\">Erste Bundesliga S\u00fcd<\/a> und <a href=\"http:\/\/www.baseball-zone.de\/tabellen\/2-bundesliga-sud\/\" target=\"_self\">Zweite Bundesliga S\u00fcd<\/a><br \/>\nMannheim Tornados &#8211; <a href=\"http:\/\/www.baseball-zone.de\/tabellen\/1-bundesliga-sud\/\" target=\"_self\">Erste Bundesliga S\u00fcd<\/a> (und weitere, die hier aber nicht beobachtet werden)<br \/>\nT\u00fcbingen Hawks &#8211; <a href=\"http:\/\/www.baseball-zone.de\/tabellen\/regionalliga-sudost\/\" target=\"_self\">Regionalliga S\u00fcdost<\/a> und <a href=\"http:\/\/www.baseball-zone.de\/tabellen\/landesliga-bw-gruppe-1\/\" target=\"_self\">Landesliga BW Gruppe 1<br \/>\n<\/a>Ulm Falcons &#8211; <a href=\"http:\/\/www.baseball-zone.de\/tabellen\/verbandsliga-bw\/\" target=\"_self\">Verbandsliga BW<\/a> und <a href=\"http:\/\/www.baseball-zone.de\/tabellen\/bezirksliga-bb-gruppe-3\/\" target=\"_self\">Bezirksliga BW Gruppe 3<\/a><\/p>\n<p>Jede Liga hat ihre eigene Seite, auf der Ergebnisse und die Tabelle zusammengefasst sind.<\/p>\n<p>Au\u00dferdem spielen alle genannten Mannschaften im Baden-W\u00fcrttembergischen Pokal. Dessen Ergebnisse zu verfolgen, ist zwar nicht ganz einfach, soll aber auch diese Saison wieder versucht werden.<\/p>\n<p>Fehlen hier Teams oder Ligen? Dann bitte melden, denn ohne Deine Hilfe k\u00f6nnen wir diese leider nicht anbieten. Selbst die hier angebotene Auswahl, stellt schon so etwas wie eine Obergrenze dar, mehr ist f\u00fcr eine Person kaum zu bew\u00e4ltigen. Adressen und Kontaktm\u00f6glichkeiten sind <a href=\"http:\/\/www.baseball-zone.de\/impressum\/\" target=\"_self\">hier<\/a> zu finden.<\/p>\n","protected":false},"excerpt":{"rendered":"<p>W I N T E R P A U S E In welchen Ligen spielen die Teams, die die Baseball-Zone 2010 beobachtet? Aalen Strikers &#8211; Landesliga BW Gruppe 1 Dornstadt Falcons &#8211; Bezirksliga BW\u00a0Gruppe 3 Ellwangen Elks &#8211; Regionalliga S\u00fcdost &hellip; <a href=\"http:\/\/www.baseball-zone.de\/?page_id=806\">Weiterlesen <span class=\"meta-nav\">&rarr;<\/span><\/a><\/p>\n","protected":false},"author":2,"featured_media":0,"parent":0,"menu_order":0,"comment_status":"closed","ping_status":"closed","template":"","meta":{"jetpack_post_was_ever_published":false},"jetpack_sharing_enabled":true,"jetpack_shortlink":"https:\/\/wp.me\/PhQOQ-d0","_links":{"self":[{"href":"http:\/\/www.baseball-zone.de\/index.php?rest_route=\/wp\/v2\/pages\/806"}],"collection":[{"href":"http:\/\/www.baseball-zone.de\/index.php?rest_route=\/wp\/v2\/pages"}],"about":[{"href":"http:\/\/www.baseball-zone.de\/index.php?rest_route=\/wp\/v2\/types\/page"}],"author":[{"embeddable":true,"href":"http:\/\/www.baseball-zone.de\/index.php?rest_route=\/wp\/v2\/users\/2"}],"replies":[{"embeddable":true,"href":"http:\/\/www.baseball-zone.de\/index.php?rest_route=%2Fwp%2Fv2%2Fcomments&post=806"}],"version-history":[{"count":69,"href":"http:\/\/www.baseball-zone.de\/index.php?rest_route=\/wp\/v2\/pages\/806\/revisions"}],"predecessor-version":[{"id":2359,"href":"http:\/\/www.baseball-zone.de\/index.php?rest_route=\/wp\/v2\/pages\/806\/revisions\/2359"}],"wp:attachment":[{"href":"http:\/\/www.baseball-zone.de\/index.php?rest_route=%2Fwp%2Fv2%2Fmedia&parent=806"}],"curies":[{"name":"wp","href":"https:\/\/api.w.org\/{rel}","templated":true}]}}