{"id":8,"date":"2008-07-09T22:52:26","date_gmt":"2008-07-09T20:52:26","guid":{"rendered":"http:\/\/www.baseball-zone.de\/?page_id=8"},"modified":"2018-05-05T23:04:23","modified_gmt":"2018-05-05T22:04:23","slug":"offense","status":"publish","type":"page","link":"http:\/\/www.baseball-zone.de\/?page_id=8","title":{"rendered":"Offense"},"content":{"rendered":"<p><strong>Ziel<\/strong><\/p>\n<div id=\"attachment_435\" style=\"width: 295px\" class=\"wp-caption alignleft\"><img aria-describedby=\"caption-attachment-435\" loading=\"lazy\" class=\"size-full wp-image-435\" style=\"margin: 0px;\" title=\"km_hei_dor\" src=\"http:\/\/www.baseball-zone.de\/wp-content\/uploads\/2008\/08\/km_hei_dor.jpg\" alt=\"Keith Maxwell haut ihn raus\" width=\"285\" height=\"300\" \/><p id=\"caption-attachment-435\" class=\"wp-caption-text\">Keith Maxwell haut ihn raus<\/p><\/div>\n<p>M\u00f6glichst viele Spieler sollen innerhalb eines Innings Punkte erzielen, indem sie \u00fcber die erste, zweite und dritte Base wieder zum Homeplate zur\u00fcckkehren. Der Batter mu\u00df n\u00e4mlich, wenn er das Duell mit dem Pitcher gewinnt, mindestens die erste Base erreichen. Dazu hat er verschiedene M\u00f6glichkeiten:<\/p>\n<ol>\n<li><strong>Walk: <\/strong>Verfehlt der Pitcher die Strike-Zone viermal, ohne da\u00df der Batter nach dem Ball zu Schlagen versucht, darf der Batter &#8222;kampflos&#8220; auf die erste Base gehen.<\/li>\n<li><strong>Hit: <\/strong>Der Batter schlagt den Ball ins Spielfeld. Aber Achtung: Nicht jeder getroffene Ball ist auch ein Hit! Der Ball mu\u00df innerhalb der Feldbegrenzungen wieder ins Spielfeld kommen, sonst gilt der Schlag nicht. Auch mu\u00df der Ball so geschlagen werden, da\u00df keiner der gegnerischen Spieler ihn erreichen kann. Der Batter l\u00e4uft dann los, und versucht, mindestens die erste Base zu erreichen, eventuell auch die zweite oder dritte Base, bevor die Defense den Ball erreicht und an eine dieser Bases geworfen hat. Man spricht auch von Single (Schlag, der bis zum ersten Bese f\u00fchrt), double, triple und Homerun.<\/li>\n<li><strong>Homerun: <\/strong><br \/>\nEin schwieriger Schlag, der nicht sehr oft vorkommt. Dabei schl\u00e4gt der Batter den Ball so weit, da\u00df er nicht mehr innerhalb des Spielfeldes landet. Er geht dabei \u00fcber die hintere Feldbegrenzung, und darf nicht \u00fcber eine der Randbegrenzungen fliegen. Dann gilt der Schlag als Homerun, und der Spieler darf einmal \u00fcber alle Bases laufen, bis er wieder die Homeplate erreicht hat. Er erzielt damit einen Punkt. Die Spieler, die eventuell an den Bases gestanden sind, d\u00fcrfen auch &#8222;nach Hause&#8220;, also zum Homeplate laufen.Wenn alle Bases besetzt waren, bevor der Batter den Ball \u00fcber den Zaun schlug, spricht man auch von einem &#8222;<strong>Grand Slam<\/strong>&#8222;, ein ganz besonderes Highlight f\u00fcr einen Batter.<\/li>\n<li><strong>Hit by Pitch: <\/strong>Die schmerzhafteste Variante, die erste Base zu erreichen. Hierzu wirft der Pitcher den Ball n\u00e4mlich so schlecht, da\u00df er den Batter trifft, obwohl der versuchte, auszuweichen. zur Belohnung f\u00fcr den Schmerz, darf der Batter zur ersten Base laufen. In der Praxis gibt es immer wieder Streit \u00fcber die Regelauslegung. Hier die einzig g\u00fcltige Variante: So lange der Batter genau in seiner &#8222;Batters Box&#8220; steht, wenn er vom Ball getroffen wird, <big>ist es ein Hit by Pitch!<\/big> Sollte einer mal was anderes sagen, dann irrt er!<\/li>\n<li><strong>Cycle: <\/strong>Ein Single, Double, Triple und Homerun in einem Spiel &#8211; eine der gr\u00f6\u00dften Leistungen, die ein Batter in einem Spiel schaffen kann. \u00dcberhaupt einen Basehit zu landen, ist gar nicht so einfach. Gute Schlagleute treffen den Ball bei zwischen 30 und 40% der Gelegenheite am Schlag (sogenannte At Bats). In einem Spiel gleich vier mal zu treffen, ist da schon ungew\u00f6hnlich. Und dann auch single, double, triple und Homerun. Wenigstens muss nicht in der korrekten Reihenfolge so getroffen werden.<\/li>\n<\/ol>\n<p><strong>Runner<\/strong><\/p>\n<p>Erreicht unser Batter mindestens die erste Base, dann wird er zum Runner, und mu\u00df nun versuchen, so schnell wie m\u00f6glich weiter vorzur\u00fccken, um die erste Base f\u00fcr den n\u00e4chsten Batter frei zu machen.<\/p>\n<p>Er r\u00fcckt zum Beispiel durch Hits des n\u00e4chsten Batters weiter vor, bis er die Homeplate erreicht.<\/p>\n<p>Eine weitere M\u00f6glichkeit ist das sogenannte &#8222;stehlen&#8220;. Dabei l\u00e4uft der Runner los, wenn der Pitcher gerade mit seiner Wurfbewegung beginnt. Der darf dann nicht einfach aufh\u00f6ren, sondern mu\u00df seinen Wurf vollenden, und erst der Catcher kann dann den Ball zu der Base werfen, auf die der Runner zurennt. Ist er schnell genug, bevor der Ball da ist, hat er die n\u00e4chste Base erreicht, und ist also sicher (&#8222;Save&#8220;).<\/p>\n<p><!-- START RedSheriff Measurement V5.01 --><!-- COPYRIGHT 2002 RedSheriff Limited -->Save ist ein Runner ausschlie\u00dflich auf einem Base, an einem Base darf auch immer nur ein Runner stehen.<\/p>\n<p>Alles verstanden? Nein? Macht nichts. Irgendein Baseball-Team ist sicher auch in Deiner N\u00e4he. Besuch sie, so oft du kannst, und lies Dir vorher diese Zeilen durch, dann wirst Du sehr schnell merken, da\u00df zuschauen gar nicht so schwer ist. Die Regeln sind n\u00e4mlich in Wahrheit noch um einiges Komplizierter, als Spieler hat man es da noch wesentlich schwerer.<\/p>\n<p>Erfahrungsgem\u00e4\u00df ist es aber so, da\u00df Baseball sehr schnell zur Faszination wird. Es ist nicht umsonst eine der am meisten boomenden Sportarten in Deutschland!<\/p>\n<p><script src=\"http:\/\/ads.tripod.lycos.de\/ad\/popunder_lycos_update.php?cat=sport.baseball&amp;CC=de\"><\/script><\/p>\n<p><!-- START RedSheriff Measurement V5.01 --><!-- COPYRIGHT 2002 RedSheriff Limited -->Also, bis dann auf dem &#8222;Feld der Tr\u00e4ume&#8220;.<\/p>\n","protected":false},"excerpt":{"rendered":"<p>Ziel M\u00f6glichst viele Spieler sollen innerhalb eines Innings Punkte erzielen, indem sie \u00fcber die erste, zweite und dritte Base wieder zum Homeplate zur\u00fcckkehren. Der Batter mu\u00df n\u00e4mlich, wenn er das Duell mit dem Pitcher gewinnt, mindestens die erste Base erreichen. &hellip; <a href=\"http:\/\/www.baseball-zone.de\/?page_id=8\">Weiterlesen <span class=\"meta-nav\">&rarr;<\/span><\/a><\/p>\n","protected":false},"author":2,"featured_media":0,"parent":275,"menu_order":5,"comment_status":"closed","ping_status":"open","template":"","meta":{"jetpack_post_was_ever_published":false},"jetpack_sharing_enabled":true,"jetpack_shortlink":"https:\/\/wp.me\/PhQOQ-8","_links":{"self":[{"href":"http:\/\/www.baseball-zone.de\/index.php?rest_route=\/wp\/v2\/pages\/8"}],"collection":[{"href":"http:\/\/www.baseball-zone.de\/index.php?rest_route=\/wp\/v2\/pages"}],"about":[{"href":"http:\/\/www.baseball-zone.de\/index.php?rest_route=\/wp\/v2\/types\/page"}],"author":[{"embeddable":true,"href":"http:\/\/www.baseball-zone.de\/index.php?rest_route=\/wp\/v2\/users\/2"}],"replies":[{"embeddable":true,"href":"http:\/\/www.baseball-zone.de\/index.php?rest_route=%2Fwp%2Fv2%2Fcomments&post=8"}],"version-history":[{"count":10,"href":"http:\/\/www.baseball-zone.de\/index.php?rest_route=\/wp\/v2\/pages\/8\/revisions"}],"predecessor-version":[{"id":2463,"href":"http:\/\/www.baseball-zone.de\/index.php?rest_route=\/wp\/v2\/pages\/8\/revisions\/2463"}],"up":[{"embeddable":true,"href":"http:\/\/www.baseball-zone.de\/index.php?rest_route=\/wp\/v2\/pages\/275"}],"wp:attachment":[{"href":"http:\/\/www.baseball-zone.de\/index.php?rest_route=%2Fwp%2Fv2%2Fmedia&parent=8"}],"curies":[{"name":"wp","href":"https:\/\/api.w.org\/{rel}","templated":true}]}}