{"id":291,"date":"2008-08-06T23:44:44","date_gmt":"2008-08-06T21:44:44","guid":{"rendered":"http:\/\/www.baseball-zone.de\/?page_id=291"},"modified":"2018-05-05T23:04:23","modified_gmt":"2018-05-05T22:04:23","slug":"ziel","status":"publish","type":"page","link":"http:\/\/www.baseball-zone.de\/?page_id=291","title":{"rendered":"Ziel des Spiels"},"content":{"rendered":"<p><b>Ziel des Spieles<\/b> ist es, vor dem Ende der Spielzeit mehr Punkte zu erzielen, als der Gegner. Punkte werden nur im Angriff  (Offense ) erzielt, w\u00e4hrend eine Mannschaft in der Verteidigung (Defense) ist, k\u00f6nnen keine Punkte gemacht werden.<\/p>\n<p>Jeder Spielzug beginnt mit einem Pitch. Das Spiel ist wie ein Duell zwischen einem Pitcher und einem Batter. Insofern ist Baseball eine sehr interessante Mischung, denn der Pitcher hat noch acht Helfer dabei, die das Feld abdecken, w\u00e4hrend der Batter alleine ist.<\/p>\n<p><b>Das Duell<\/b><\/p>\n<p>Der Pitcher will den Ball so werfen, dass der Batter ihn nicht treffen kann. Gelingt ihm dies regelgerecht, dann hat er einen &#8222;Strike&#8220; (Fehlwurf) auf seinem Konto. Gelingt ihm das nicht, dann landet auf dem Konto des Batters ein &#8222;Ball&#8220; (Fehlwurf). Der Pitcher hat das Duell gewonnen, wenn er drei Strikes erreicht hat. Schafft er das aber nicht und wirft stattdessen vier Balls, dann hat der Batter gewonnen. Er wird dann zum Runner (Feldl\u00e4ufer) und darf auf die erste Base.<\/p>\n<p>Um den Ball regelgerecht zu werfen, muss der Pitcher eine bestimmte Zone treffen, die sogenannte &#8222;Strike-Zone&#8220;. Diese befindet sich \u00fcber dem Homeplate, neben dem der Batter Aufstellung liegt. Das Home-Plate ist eine f\u00fcnfeckige Platte, von der auch die Foul-Linien, also die seitlichen Feldbegrenzungen ausgehen. Es reicht aber nicht, dass der Ball einfach nur dar\u00fcber fliegt, sonst w\u00fcrde der Pitcher einfach so hoch werfen, dass der Batter da nicht so einfach ran kommt, oder eben so tief. Der Ball muss also auch noch in der H\u00f6he richtig liegen. Als Orientierungspunkt, dient der jeweilige Schlagmann. Fliegt der Ball oberhalb der Knie vorbei oder unterhalb der H\u00fcfte, dann ist er in der Zone. <\/p>\n<p>\u00dcberwacht wird das Ganze vom Schiedsrichter, der nach jedem Wurf entscheiden muss, ob er Wurf ein Strike oder Ball war. Schwingt der Batter nach dem Ball, ohne ihn zu treffen, ist es immer ein Strike (da versteht man dann auch, warum das Fehlschlag hei\u00dft). Schwingt er nicht, muss der Schiedsrichter entscheiden.<\/p>\n<p><b>Die Feldspieler<\/b><\/p>\n<p>Am Duell sind nur der Pitcher, der Catcher und der Batter beteiligt. Die anderen d\u00fcrfen aber auch mitspielen. Sie kommen erst ins Spiel, wenn der Batter den Ball schl\u00e4gt. Dabei muss der Ball im Spielfeld bleiben. Ist er in der Luft, kann er auch im &#8222;Foul Territory&#8220; gefangen werden, das ist der Bereich zwischen den Foul-Lines und der Feldbegrenzung (im Stadion fangen da die Sitze f\u00fcr die Zuschauer an, w\u00e4hrend ansonsten oft ein Zaun oder \u00e4hnliches als Begrenzung dient).<\/p>\n<p>Im besten Fall, gelingt dem Batter ein Homerun. Das ist ein Schlag, der \u00fcber die hintere Spielfeldbegrenzung fliegt, und zwar ohne das Spielfeld dabei nach links oder rechts zu verlassen. In einem solchen Fall, darf er \u00fcber die drei Bases bis zur\u00fcck zur Homeplate laufen. Erst wenn er da wieder angekommen ist, z\u00e4hlt der Punkt. Es gibt aber auch Base Hits, die nicht bis zur Homeplate zur\u00fcck f\u00fchren. Man spricht von Single, Double oder Triple, je nachdem gelingt es dem Batter, bis zur ersten, zweiten oder gar dritten Base zu laufen. Am Base ist er sicher (&#8222;save&#8220;). Wenn er keine Verbindung zum Base hat, kann er &#8222;aus&#8220; gemacht werden.<\/p>\n","protected":false},"excerpt":{"rendered":"<p>Ziel des Spieles ist es, vor dem Ende der Spielzeit mehr Punkte zu erzielen, als der Gegner. Punkte werden nur im Angriff (Offense ) erzielt, w\u00e4hrend eine Mannschaft in der Verteidigung (Defense) ist, k\u00f6nnen keine Punkte gemacht werden. Jeder Spielzug &hellip; <a href=\"http:\/\/www.baseball-zone.de\/?page_id=291\">Weiterlesen <span class=\"meta-nav\">&rarr;<\/span><\/a><\/p>\n","protected":false},"author":2,"featured_media":0,"parent":275,"menu_order":2,"comment_status":"closed","ping_status":"open","template":"","meta":{"jetpack_post_was_ever_published":false},"jetpack_sharing_enabled":true,"jetpack_shortlink":"https:\/\/wp.me\/PhQOQ-4H","_links":{"self":[{"href":"http:\/\/www.baseball-zone.de\/index.php?rest_route=\/wp\/v2\/pages\/291"}],"collection":[{"href":"http:\/\/www.baseball-zone.de\/index.php?rest_route=\/wp\/v2\/pages"}],"about":[{"href":"http:\/\/www.baseball-zone.de\/index.php?rest_route=\/wp\/v2\/types\/page"}],"author":[{"embeddable":true,"href":"http:\/\/www.baseball-zone.de\/index.php?rest_route=\/wp\/v2\/users\/2"}],"replies":[{"embeddable":true,"href":"http:\/\/www.baseball-zone.de\/index.php?rest_route=%2Fwp%2Fv2%2Fcomments&post=291"}],"version-history":[{"count":6,"href":"http:\/\/www.baseball-zone.de\/index.php?rest_route=\/wp\/v2\/pages\/291\/revisions"}],"predecessor-version":[{"id":301,"href":"http:\/\/www.baseball-zone.de\/index.php?rest_route=\/wp\/v2\/pages\/291\/revisions\/301"}],"up":[{"embeddable":true,"href":"http:\/\/www.baseball-zone.de\/index.php?rest_route=\/wp\/v2\/pages\/275"}],"wp:attachment":[{"href":"http:\/\/www.baseball-zone.de\/index.php?rest_route=%2Fwp%2Fv2%2Fmedia&parent=291"}],"curies":[{"name":"wp","href":"https:\/\/api.w.org\/{rel}","templated":true}]}}