{"id":2196,"date":"2010-04-06T13:28:14","date_gmt":"2010-04-06T12:28:14","guid":{"rendered":"http:\/\/www.baseball-zone.de\/?page_id=2196"},"modified":"2018-05-05T23:04:23","modified_gmt":"2018-05-05T22:04:23","slug":"regionalliga-sudost","status":"publish","type":"page","link":"http:\/\/www.baseball-zone.de\/?page_id=2196","title":{"rendered":"Regionalliga S\u00fcdost"},"content":{"rendered":"<p><strong>Tabellen und Ergebnisse<\/strong> f\u00fcr Regionalliga S\u00fcdost Saison 2010<\/p>\n<p><strong>Tabelle<\/strong><\/p>\n<table border=\"0\"><!-- Header --><\/p>\n<tbody>\n<tr style=\"background-color:#117722\">\n<td style=\"text-align:center\" width=\"40\"><strong>Rank<\/strong><\/td>\n<td width=\"300\"><strong>Team<\/strong><\/td>\n<td style=\"text-align:center\" width=\"40\"><strong>G<\/strong><\/td>\n<td style=\"text-align:center\" width=\"40\"><strong>V<\/strong><\/td>\n<\/tr>\n<p><!-- Rank 1 --><\/p>\n<tr style=\"background-color:#E5E5E5\">\n<td style=\"text-align:center\" width=\"40\">1<\/td>\n<td width=\"300\"><strong>T\u00fcbingen Haws<\/strong><\/td>\n<td style=\"text-align:center\" width=\"40\">8<\/td>\n<td style=\"text-align:center\" width=\"40\">2<\/td>\n<\/tr>\n<p><!-- Rank 2 --><\/p>\n<tr style=\"background-color:\">\n<td style=\"text-align:center\" width=\"40\">2<\/td>\n<td width=\"300\"><strong>Ellwangen Elks<\/strong><\/td>\n<td style=\"text-align:center\" width=\"40\">6<\/td>\n<td style=\"text-align:center\" width=\"40\">4<\/td>\n<\/tr>\n<p><!-- Rank 3 --><\/p>\n<tr style=\"background-color:#E5E5E5\">\n<td style=\"text-align:center\" width=\"40\">3<\/td>\n<td width=\"300\">M\u00fcnchen Caribes<\/td>\n<td style=\"text-align:center\" width=\"40\">6<\/td>\n<td style=\"text-align:center\" width=\"40\">4<\/td>\n<\/tr>\n<p><!-- Rank 4 --><\/p>\n<tr style=\"background-color:\">\n<td style=\"text-align:center\" width=\"40\">4<\/td>\n<td width=\"300\"><strong>Stuttgart Reds<\/strong><\/td>\n<td style=\"text-align:center\" width=\"40\">5<\/td>\n<td style=\"text-align:center\" width=\"40\">5<\/td>\n<\/tr>\n<p><!-- Rank 5 --><\/p>\n<tr style=\"background-color:#E5E5E5\">\n<td style=\"text-align:center\" width=\"40\">5<\/td>\n<td width=\"300\">F\u00fcrth Pirates<\/td>\n<td style=\"text-align:center\" width=\"40\">5<\/td>\n<td style=\"text-align:center\" width=\"40\">5<\/td>\n<\/tr>\n<p><!-- Rank 6 --><\/p>\n<tr style=\"background-color:\">\n<td style=\"text-align:center\" width=\"40\">6<\/td>\n<td width=\"300\">Ingolstadt Schanzer<\/td>\n<td style=\"text-align:center\" width=\"40\">4<\/td>\n<td style=\"text-align:center\" width=\"40\">6<\/td>\n<\/tr>\n<p><!-- Rank 7 --><\/p>\n<tr style=\"background-color:#E5E5E5\">\n<td style=\"text-align:center\" width=\"40\">7<\/td>\n<td width=\"300\">Baldham Boars<\/td>\n<td style=\"text-align:center\" width=\"40\">4<\/td>\n<td style=\"text-align:center\" width=\"40\">6<\/td>\n<\/tr>\n<p><!-- Rank 8 --><\/p>\n<tr style=\"background-color:\">\n<td style=\"text-align:center\" width=\"40\">8<\/td>\n<td width=\"300\">Laufer W\u00f6lfe<\/td>\n<td style=\"text-align:center\" width=\"40\">2<\/td>\n<td style=\"text-align:center\" width=\"40\">8<\/td>\n<\/tr>\n<\/tbody>\n<\/table>\n<p><strong>Ergebnisse (in aufsteigender Reihenfolge)<\/strong><\/p>\n<table border=\"0\"><!-- Header --><\/p>\n<tbody>\n<tr style=\"background-color:#117722\">\n<td style=\"text-align:center\" width=\"50\"><strong>Date<\/strong><\/td>\n<td width=\"200\"><strong>Home<\/strong><\/td>\n<td width=\"10\"><strong><\/strong><\/td>\n<td width=\"200\"><strong>Guest<\/strong><\/td>\n<td style=\"text-align:center\" width=\"40\"><strong><\/strong><\/td>\n<td style=\"text-align:center\" width=\"40\"><strong><\/strong><\/td>\n<\/tr>\n<p><!-- Spiel 57 --><\/p>\n<tr style=\"background-color:#E5E5E5\">\n<td style=\"text-align:center\" width=\"50\">12.9.<\/td>\n<td width=\"200\">Baldham Boars<\/td>\n<td width=\"10\">vs.<\/td>\n<td width=\"200\">M\u00fcnchen Caribes<\/td>\n<td style=\"text-align:center\" width=\"40\"><\/td>\n<td style=\"text-align:center\" width=\"40\"><\/td>\n<\/tr>\n<p><!-- Spiel 56 --><\/p>\n<tr style=\"background-color:\">\n<td style=\"text-align:center\" width=\"50\">12.9.<\/td>\n<td width=\"200\">Ingolstadt Schanzer<\/td>\n<td width=\"10\">vs.<\/td>\n<td width=\"200\"><strong>Ellwangen Elks<\/strong><\/td>\n<td style=\"text-align:center\" width=\"40\"><\/td>\n<td style=\"text-align:center\" width=\"40\"><\/td>\n<\/tr>\n<p><!-- Spiel 55 --><\/p>\n<tr style=\"background-color:#E5E5E5\">\n<td style=\"text-align:center\" width=\"50\">11.9.<\/td>\n<td width=\"200\"><strong>Stuttgart Reds<\/strong><\/td>\n<td width=\"10\">vs.<\/td>\n<td width=\"200\"><strong>T\u00fcbingen Hawks<\/strong><\/td>\n<td style=\"text-align:center\" width=\"40\"><\/td>\n<td style=\"text-align:center\" width=\"40\"><\/td>\n<\/tr>\n<p><!-- Spiel 54 --><\/p>\n<tr style=\"background-color:\">\n<td style=\"text-align:center\" width=\"50\">11.9.<\/td>\n<td width=\"200\">F\u00fcrth Pirates<\/td>\n<td width=\"10\">vs.<\/td>\n<td width=\"200\">Laufer W\u00f6lfe<\/td>\n<td style=\"text-align:center\" width=\"40\"><\/td>\n<td style=\"text-align:center\" width=\"40\"><\/td>\n<\/tr>\n<p><!-- Spiel 53 --><\/p>\n<tr style=\"background-color:#E5E5E5\">\n<td style=\"text-align:center\" width=\"50\">5.9.<\/td>\n<td width=\"200\">Laufer W\u00f6lfe<\/td>\n<td width=\"10\">vs.<\/td>\n<td width=\"200\">Ingolstadt Schanzer<\/td>\n<td style=\"text-align:center\" width=\"40\"><\/td>\n<td style=\"text-align:center\" width=\"40\"><\/td>\n<\/tr>\n<p><!-- Spiel 52 --><\/p>\n<tr style=\"background-color:\">\n<td style=\"text-align:center\" width=\"50\">5.9.<\/td>\n<td width=\"200\">M\u00fcnchen Caribes<\/td>\n<td width=\"10\">vs.<\/td>\n<td width=\"200\">F\u00fcrth Pirates<\/td>\n<td style=\"text-align:center\" width=\"40\"><\/td>\n<td style=\"text-align:center\" width=\"40\"><\/td>\n<\/tr>\n<p><!-- Spiel 51 --><\/p>\n<tr style=\"background-color:#E5E5E5\">\n<td style=\"text-align:center\" width=\"50\">4.9.<\/td>\n<td width=\"200\"><strong>T\u00fcbingen Hawks<\/strong><\/td>\n<td width=\"10\">vs.<\/td>\n<td width=\"200\">Baldham Boars<\/td>\n<td style=\"text-align:center\" width=\"40\"><\/td>\n<td style=\"text-align:center\" width=\"40\"><\/td>\n<\/tr>\n<p><!-- Spiel 50 --><\/p>\n<tr style=\"background-color:\">\n<td style=\"text-align:center\" width=\"50\">4.9.<\/td>\n<td width=\"200\"><strong>Ellwangen Elks<\/strong><\/td>\n<td width=\"10\">vs.<\/td>\n<td width=\"200\"><strong>Stuttgart Reds<\/strong><\/td>\n<td style=\"text-align:center\" width=\"40\"><\/td>\n<td style=\"text-align:center\" width=\"40\"><\/td>\n<\/tr>\n<p><!-- Spiel 49 --><\/p>\n<tr style=\"background-color:#E5E5E5\">\n<td style=\"text-align:center\" width=\"50\">22.8.<\/td>\n<td width=\"200\">M\u00fcnchen Caribes<\/td>\n<td width=\"10\">vs.<\/td>\n<td width=\"200\">T\u00fcbingen Hawks<\/td>\n<td style=\"text-align:center\" width=\"40\"><\/td>\n<td style=\"text-align:center\" width=\"40\"><\/td>\n<\/tr>\n<p><!-- Spiel 48 --><\/p>\n<tr style=\"background-color:\">\n<td style=\"text-align:center\" width=\"50\">22.8.<\/td>\n<td width=\"200\">Ingolstadt Schanzer<\/td>\n<td width=\"10\">vs.<\/td>\n<td width=\"200\">F\u00fcrth Pirates<\/td>\n<td style=\"text-align:center\" width=\"40\"><\/td>\n<td style=\"text-align:center\" width=\"40\"><\/td>\n<\/tr>\n<p><!-- Spiel 47 --><\/p>\n<tr style=\"background-color:#E5E5E5\">\n<td style=\"text-align:center\" width=\"50\">21.8.<\/td>\n<td width=\"200\"><strong>Stuttgart Reds<\/strong><\/td>\n<td width=\"10\">vs.<\/td>\n<td width=\"200\">Laufer W\u00f6lfe<\/td>\n<td style=\"text-align:center\" width=\"40\"><\/td>\n<td style=\"text-align:center\" width=\"40\"><\/td>\n<\/tr>\n<p><!-- Spiel 46 --><\/p>\n<tr style=\"background-color:\">\n<td style=\"text-align:center\" width=\"50\">21.8.<\/td>\n<td width=\"200\">Baldham Boars<\/td>\n<td width=\"10\">vs.<\/td>\n<td width=\"200\"><strong>Ellwangen Elks<\/strong><\/td>\n<td style=\"text-align:center\" width=\"40\"><\/td>\n<td style=\"text-align:center\" width=\"40\"><\/td>\n<\/tr>\n<p><!-- Spiel 45 --><\/p>\n<tr style=\"background-color:#E5E5E5\">\n<td style=\"text-align:center\" width=\"50\">15.8.<\/td>\n<td width=\"200\"><strong>Ellwangen Elks<\/strong><\/td>\n<td width=\"10\">vs.<\/td>\n<td width=\"200\">M\u00fcnchen Caribes<\/td>\n<td style=\"text-align:center\" width=\"40\"><\/td>\n<td style=\"text-align:center\" width=\"40\"><\/td>\n<\/tr>\n<p><!-- Spiel 44 --><\/p>\n<tr style=\"background-color:\">\n<td style=\"text-align:center\" width=\"50\">15.8.<\/td>\n<td width=\"200\">F\u00fcrth Pirates<\/td>\n<td width=\"10\">vs.<\/td>\n<td width=\"200\"><strong>T\u00fcbingen Hawks<\/strong><\/td>\n<td style=\"text-align:center\" width=\"40\"><\/td>\n<td style=\"text-align:center\" width=\"40\"><\/td>\n<\/tr>\n<p><!-- Spiel 43 --><\/p>\n<tr style=\"background-color:#E5E5E5\">\n<td style=\"text-align:center\" width=\"50\">14.8.<\/td>\n<td width=\"200\">Laufer W\u00f6lfe<\/td>\n<td width=\"10\">vs.<\/td>\n<td width=\"200\">Baldham Boars<\/td>\n<td style=\"text-align:center\" width=\"40\"><\/td>\n<td style=\"text-align:center\" width=\"40\"><\/td>\n<\/tr>\n<p><!-- Spiel 42 --><\/p>\n<tr style=\"background-color:\">\n<td style=\"text-align:center\" width=\"50\">14.8.<\/td>\n<td width=\"200\">Ingolstadt Schanzer<\/td>\n<td width=\"10\">vs.<\/td>\n<td width=\"200\"><strong>Stuttgart Reds<\/strong><\/td>\n<td style=\"text-align:center\" width=\"40\"><\/td>\n<td style=\"text-align:center\" width=\"40\"><\/td>\n<\/tr>\n<p><!-- Spiel 41 --><\/p>\n<tr style=\"background-color:#E5E5E5\">\n<td style=\"text-align:center\" width=\"50\">8.8.<\/td>\n<td width=\"200\">M\u00fcnchen Caribes<\/td>\n<td width=\"10\">vs.<\/td>\n<td width=\"200\">Laufer W\u00f6lfe<\/td>\n<td style=\"text-align:center\" width=\"40\"><\/td>\n<td style=\"text-align:center\" width=\"40\"><\/td>\n<\/tr>\n<p><!-- Spiel 40 --><\/p>\n<tr style=\"background-color:\">\n<td style=\"text-align:center\" width=\"50\">8.8.<\/td>\n<td width=\"200\"><strong>Ellwangen Elks<\/strong><\/td>\n<td width=\"10\">vs.<\/td>\n<td width=\"200\"><strong>T\u00fcbingen Hawks<\/strong><\/td>\n<td style=\"text-align:center\" width=\"40\"><\/td>\n<td style=\"text-align:center\" width=\"40\"><\/td>\n<\/tr>\n<p><!-- Spiel 39 --><\/p>\n<tr style=\"background-color:#E5E5E5\">\n<td style=\"text-align:center\" width=\"50\">7.8.<\/td>\n<td width=\"200\">Baldham Boars<\/td>\n<td width=\"10\">vs.<\/td>\n<td width=\"200\">Ingolstadt Schanzer<\/td>\n<td style=\"text-align:center\" width=\"40\"><\/td>\n<td style=\"text-align:center\" width=\"40\"><\/td>\n<\/tr>\n<p><!-- Spiel 38 --><\/p>\n<tr style=\"background-color:\">\n<td style=\"text-align:center\" width=\"50\">7.8.<\/td>\n<td width=\"200\"><strong>Stuttgart Reds<\/strong><\/td>\n<td width=\"10\">vs.<\/td>\n<td width=\"200\">F\u00fcrth Pirates<\/td>\n<td style=\"text-align:center\" width=\"40\"><\/td>\n<td style=\"text-align:center\" width=\"40\"><\/td>\n<\/tr>\n<p><!-- Spiel 37 --><\/p>\n<tr style=\"background-color:#E5E5E5\">\n<td style=\"text-align:center\" width=\"50\">11.7.<\/td>\n<td width=\"200\">Laufer W\u00f6lfe<\/td>\n<td width=\"10\">vs.<\/td>\n<td width=\"200\"><strong>T\u00fcbingen Hawks<\/strong><\/td>\n<td style=\"text-align:center\" width=\"40\"><\/td>\n<td style=\"text-align:center\" width=\"40\"><\/td>\n<\/tr>\n<p><!-- Spiel 36 --><\/p>\n<tr style=\"background-color:\">\n<td style=\"text-align:center\" width=\"50\">11.7.<\/td>\n<td width=\"200\">Ingolstadt Schanzer<\/td>\n<td width=\"10\">vs.<\/td>\n<td width=\"200\">M\u00fcnchen Caribes<\/td>\n<td style=\"text-align:center\" width=\"40\"><\/td>\n<td style=\"text-align:center\" width=\"40\"><\/td>\n<\/tr>\n<p><!-- Spiel 35 --><\/p>\n<tr style=\"background-color:#E5E5E5\">\n<td style=\"text-align:center\" width=\"50\">10.7.<\/td>\n<td width=\"200\">Baldham Boars<\/td>\n<td width=\"10\">vs.<\/td>\n<td width=\"200\"><strong>Stuttgart Reds<\/strong><\/td>\n<td style=\"text-align:center\" width=\"40\"><\/td>\n<td style=\"text-align:center\" width=\"40\"><\/td>\n<\/tr>\n<p><!-- Spiel 34 --><\/p>\n<tr style=\"background-color:\">\n<td style=\"text-align:center\" width=\"50\">10.7.<\/td>\n<td width=\"200\"><strong>Ellwangen Elks<\/strong><\/td>\n<td width=\"10\">vs.<\/td>\n<td width=\"200\">F\u00fcrth Pirates<\/td>\n<td style=\"text-align:center\" width=\"40\"><\/td>\n<td style=\"text-align:center\" width=\"40\"><\/td>\n<\/tr>\n<p><!-- Spiel 33 --><\/p>\n<tr style=\"background-color:#E5E5E5\">\n<td style=\"text-align:center\" width=\"50\">4.7.<\/td>\n<td width=\"200\">Baldham Boars<\/td>\n<td width=\"10\">vs.<\/td>\n<td width=\"200\">F\u00fcrt Pirates<\/td>\n<td style=\"text-align:center\" width=\"40\"><\/td>\n<td style=\"text-align:center\" width=\"40\"><\/td>\n<\/tr>\n<p><!-- Spiel 32 --><\/p>\n<tr style=\"background-color:\">\n<td style=\"text-align:center\" width=\"50\">3.7.<\/td>\n<td width=\"200\">M\u00fcnchen Caribes<\/td>\n<td width=\"10\">vs.<\/td>\n<td width=\"200\"><strong>Stuttgart Reds<\/strong><\/td>\n<td style=\"text-align:center\" width=\"40\"><\/td>\n<td style=\"text-align:center\" width=\"40\"><\/td>\n<\/tr>\n<p><!-- Spiel 31 --><\/p>\n<tr style=\"background-color:#E5E5E5\">\n<td style=\"text-align:center\" width=\"50\">3.7.<\/td>\n<td width=\"200\"><strong>T\u00fcbingen Hawks<\/strong><\/td>\n<td width=\"10\">vs.<\/td>\n<td width=\"200\">Ingolstadt Schanzer<\/td>\n<td style=\"text-align:center\" width=\"40\"><\/td>\n<td style=\"text-align:center\" width=\"40\"><\/td>\n<\/tr>\n<p><!-- Spiel 30 --><\/p>\n<tr style=\"background-color:\">\n<td style=\"text-align:center\" width=\"50\">3.7.<\/td>\n<td width=\"200\"><strong>Ellwangen Elks<\/strong><\/td>\n<td width=\"10\">vs.<\/td>\n<td width=\"200\">Laufer W\u00f6lfe<\/td>\n<td style=\"text-align:center\" width=\"40\"><\/td>\n<td style=\"text-align:center\" width=\"40\"><\/td>\n<\/tr>\n<p><!-- Spiel 29 --><\/p>\n<tr style=\"background-color:#E5E5E5\">\n<td style=\"text-align:center\" width=\"50\">27.6.<\/td>\n<td width=\"200\"><strong>T\u00fcbingen Hawks<\/strong><\/td>\n<td width=\"10\">vs.<\/td>\n<td width=\"200\"><strong>Stuttgart Reds<\/strong><\/td>\n<td style=\"text-align:center\" width=\"40\"><\/td>\n<td style=\"text-align:center\" width=\"40\"><\/td>\n<\/tr>\n<p><!-- Spiel 28 --><\/p>\n<tr style=\"background-color:\">\n<td style=\"text-align:center\" width=\"50\">27.6.<\/td>\n<td width=\"200\">Laufer W\u00f6lfe<\/td>\n<td width=\"10\">vs.<\/td>\n<td width=\"200\">F\u00fcrth Pirates<\/td>\n<td style=\"text-align:center\" width=\"40\"><\/td>\n<td style=\"text-align:center\" width=\"40\"><\/td>\n<\/tr>\n<p><!-- Spiel 27 --><\/p>\n<tr style=\"background-color:#E5E5E5\">\n<td style=\"text-align:center\" width=\"50\">27.6.<\/td>\n<td width=\"200\"><strong>Ellwangen Elks<\/strong><\/td>\n<td width=\"10\">vs.<\/td>\n<td width=\"200\">Ingolstadt Schanzer<\/td>\n<td style=\"text-align:center\" width=\"40\"><\/td>\n<td style=\"text-align:center\" width=\"40\"><\/td>\n<\/tr>\n<p><!-- Spiel 26 --><\/p>\n<tr style=\"background-color:\">\n<td style=\"text-align:center\" width=\"50\">26.6.<\/td>\n<td width=\"200\">M\u00fcnchen Caribes<\/td>\n<td width=\"10\">vs.<\/td>\n<td width=\"200\">Baldham Boars<\/td>\n<td style=\"text-align:center\" width=\"40\"><\/td>\n<td style=\"text-align:center\" width=\"40\"><\/td>\n<\/tr>\n<p><!-- Spiel 25 --><\/p>\n<tr style=\"background-color:#E5E5E5\">\n<td style=\"text-align:center\" width=\"50\">13.6.<\/td>\n<td width=\"200\"><strong>Stuttgart Reds<\/strong><\/td>\n<td width=\"10\">vs.<\/td>\n<td width=\"200\"><strong>Ellwangen Elks<\/strong><\/td>\n<td style=\"text-align:center\" width=\"40\"><\/td>\n<td style=\"text-align:center\" width=\"40\"><\/td>\n<\/tr>\n<p><!-- Spiel 24 --><\/p>\n<tr style=\"background-color:\">\n<td style=\"text-align:center\" width=\"50\">13.6.<\/td>\n<td width=\"200\">Ingolstadt Schanzer<\/td>\n<td width=\"10\">vs.<\/td>\n<td width=\"200\">Laufer W\u00f6lfe<\/td>\n<td style=\"text-align:center\" width=\"40\"><\/td>\n<td style=\"text-align:center\" width=\"40\"><\/td>\n<\/tr>\n<p><!-- Spiel 23 --><\/p>\n<tr style=\"background-color:#E5E5E5\">\n<td style=\"text-align:center\" width=\"50\">12.6.<\/td>\n<td width=\"200\">F\u00fcrth Pirates<\/td>\n<td width=\"10\">vs.<\/td>\n<td width=\"200\">M\u00fcnchen Caribes<\/td>\n<td style=\"text-align:center\" width=\"40\"><\/td>\n<td style=\"text-align:center\" width=\"40\"><\/td>\n<\/tr>\n<p><!-- Spiel 22 --><\/p>\n<tr style=\"background-color:\">\n<td style=\"text-align:center\" width=\"50\">12.6.<\/td>\n<td width=\"200\">Baldham Boars<\/td>\n<td width=\"10\">vs.<\/td>\n<td width=\"200\"><strong>T\u00fcbingen Hawks<\/strong><\/td>\n<td style=\"text-align:center\" width=\"40\"><\/td>\n<td style=\"text-align:center\" width=\"40\"><\/td>\n<\/tr>\n<p><!-- Spiel 21 --><\/p>\n<tr style=\"background-color:#E5E5E5\">\n<td style=\"text-align:center\" width=\"50\">6.6.<\/td>\n<td width=\"200\">F\u00fcrth Pirates<\/td>\n<td width=\"10\">vs.<\/td>\n<td width=\"200\">Ingolstadt Schanzer<\/td>\n<td style=\"text-align:center\" width=\"40\">0-5<\/td>\n<td style=\"text-align:center\" width=\"40\">9-7<\/td>\n<\/tr>\n<p><!-- Spiel 20 --><\/p>\n<tr style=\"background-color:\">\n<td style=\"text-align:center\" width=\"50\">6.6.<\/td>\n<td width=\"200\">Laufer W\u00f6lfe<\/td>\n<td width=\"10\">vs.<\/td>\n<td width=\"200\"><strong>Stuttgart Reds<\/strong><\/td>\n<td style=\"text-align:center\" width=\"40\">3-10<\/td>\n<td style=\"text-align:center\" width=\"40\">7-5<\/td>\n<\/tr>\n<p><!-- Spiel 19 --><\/p>\n<tr style=\"background-color:#E5E5E5\">\n<td style=\"text-align:center\" width=\"50\">5.6.<\/td>\n<td width=\"200\"><strong>Ellwangen Elks<\/strong><\/td>\n<td width=\"10\">vs.<\/td>\n<td width=\"200\">Baldham Boars<\/td>\n<td style=\"text-align:center\" width=\"40\">3-7<\/td>\n<td style=\"text-align:center\" width=\"40\">12-2<\/td>\n<\/tr>\n<p><!-- Spiel 18 --><\/p>\n<tr style=\"background-color:\">\n<td style=\"text-align:center\" width=\"50\">5.6.<\/td>\n<td width=\"200\"><strong>T\u00fcbingen Hawks<\/strong><\/td>\n<td width=\"10\">vs.<\/td>\n<td width=\"200\">M\u00fcnchen Caribes<\/td>\n<td style=\"text-align:center\" width=\"40\">8-4<\/td>\n<td style=\"text-align:center\" width=\"40\">9-3<\/td>\n<\/tr>\n<p><!-- Spiel 17 --><\/p>\n<tr style=\"background-color:#E5E5E5\">\n<td style=\"text-align:center\" width=\"50\">29.5.<\/td>\n<td width=\"200\">M\u00fcnchen Caribes<\/td>\n<td width=\"10\">vs.<\/td>\n<td width=\"200\">Ingolstadt Schanzer<\/td>\n<td style=\"text-align:center\" width=\"40\">3-1<\/td>\n<td style=\"text-align:center\" width=\"40\">8-5<\/td>\n<\/tr>\n<p><!-- Spiel 16 --><\/p>\n<tr style=\"background-color:\">\n<td style=\"text-align:center\" width=\"50\">16.5.<\/td>\n<td width=\"200\"><strong>T\u00fcbingen Hawks<\/strong><\/td>\n<td width=\"10\">vs.<\/td>\n<td width=\"200\">F\u00fcrth Pirates<\/td>\n<td style=\"text-align:center\" width=\"40\">4-5<\/td>\n<td style=\"text-align:center\" width=\"40\">8-0<\/td>\n<\/tr>\n<p><!-- Spiel 15 --><\/p>\n<tr style=\"background-color:#E5E5E5\">\n<td style=\"text-align:center\" width=\"50\">16.5.<\/td>\n<td width=\"200\">M\u00fcnchen Caribes<\/td>\n<td width=\"10\">vs.<\/td>\n<td width=\"200\"><strong>Ellwangen Elks<\/strong><\/td>\n<td style=\"text-align:center\" width=\"40\">4-3<\/td>\n<td style=\"text-align:center\" width=\"40\">4-3<\/td>\n<\/tr>\n<p><!-- Spiel 14 --><\/p>\n<tr style=\"background-color:\">\n<td style=\"text-align:center\" width=\"50\">15.5.<\/td>\n<td width=\"200\">Baldham Boars<\/td>\n<td width=\"10\">vs.<\/td>\n<td width=\"200\">Laufer W\u00f6lfe<\/td>\n<td style=\"text-align:center\" width=\"40\">8-3<\/td>\n<td style=\"text-align:center\" width=\"40\">9-6<\/td>\n<\/tr>\n<p><!-- Spiel 13 --><\/p>\n<tr style=\"background-color:#E5E5E5\">\n<td style=\"text-align:center\" width=\"50\">15.5.<\/td>\n<td width=\"200\">Ingolstadt Schanzer<\/td>\n<td width=\"10\">vs.<\/td>\n<td width=\"200\"><strong>Stuttgart Reds<\/strong><\/td>\n<td style=\"text-align:center\" width=\"40\">4-0<\/td>\n<td style=\"text-align:center\" width=\"40\">3-6<\/td>\n<\/tr>\n<p><!-- Spiel 12 --><\/p>\n<tr style=\"background-color:\">\n<td style=\"text-align:center\" width=\"50\">9.5.<\/td>\n<td width=\"200\">Ingolstadt Schanzer<\/td>\n<td width=\"10\">vs.<\/td>\n<td width=\"200\">Baldham Boars<\/td>\n<td style=\"text-align:center\" width=\"40\">7-0<\/td>\n<td style=\"text-align:center\" width=\"40\">6-5<\/td>\n<\/tr>\n<p><!-- Spiel 11 --><\/p>\n<tr style=\"background-color:#E5E5E5\">\n<td style=\"text-align:center\" width=\"50\">9.5.<\/td>\n<td width=\"200\">Laufer W\u00f6lfe<\/td>\n<td width=\"10\">vs.<\/td>\n<td width=\"200\">M\u00fcnchen Caribes<\/td>\n<td style=\"text-align:center\" width=\"40\">9-6<\/td>\n<td style=\"text-align:center\" width=\"40\">7-11<\/td>\n<\/tr>\n<p><!-- Spiel 10 --><\/p>\n<tr style=\"background-color:\">\n<td style=\"text-align:center\" width=\"50\">8.5.<\/td>\n<td width=\"200\"><strong>T\u00fcbingen Hawks<\/strong><\/td>\n<td width=\"10\">vs.<\/td>\n<td width=\"200\"><strong>Ellwangen Elks<\/strong><\/td>\n<td style=\"text-align:center\" width=\"40\">1-2<\/td>\n<td style=\"text-align:center\" width=\"40\">4-3<\/td>\n<\/tr>\n<p><!-- Spiel 9 --><\/p>\n<tr style=\"background-color:#E5E5E5\">\n<td style=\"text-align:center\" width=\"50\">8.5.<\/td>\n<td width=\"200\">F\u00fcrth Pirates<\/td>\n<td width=\"10\">vs.<\/td>\n<td width=\"200\"><strong>Stuttgart Reds<\/strong><\/td>\n<td style=\"text-align:center\" width=\"40\">6-5<\/td>\n<td style=\"text-align:center\" width=\"40\">14-4<\/td>\n<\/tr>\n<p><!-- Spiel 8 --><\/p>\n<tr style=\"background-color:\">\n<td style=\"text-align:center\" width=\"50\">2.5.<\/td>\n<td width=\"200\">F\u00fcrth Pirates<\/td>\n<td width=\"10\">vs.<\/td>\n<td width=\"200\"><strong>Ellwangen Elks<\/strong><\/td>\n<td style=\"text-align:center\" width=\"40\">2-13<\/td>\n<td style=\"text-align:center\" width=\"40\">4-5<\/td>\n<\/tr>\n<p><!-- Spiel 7 --><\/p>\n<tr style=\"background-color:#E5E5E5\">\n<td style=\"text-align:center\" width=\"50\">2.5.<\/td>\n<td width=\"200\"><strong>T\u00fcbingen Hawks<\/strong><\/td>\n<td width=\"10\">vs.<\/td>\n<td width=\"200\">Laufer W\u00f6lfe<\/td>\n<td style=\"text-align:center\" width=\"40\">7-6<\/td>\n<td style=\"text-align:center\" width=\"40\">10-0<\/td>\n<\/tr>\n<p><!-- Spiel 6 --><\/p>\n<tr style=\"background-color:\">\n<td style=\"text-align:center\" width=\"50\">2.5.<\/td>\n<td width=\"200\">M\u00fcnchen Caribes<\/td>\n<td width=\"10\">vs.<\/td>\n<td width=\"200\">Ingolstadt Schanzer<\/td>\n<td style=\"text-align:center\" width=\"40\">&#8211;<\/td>\n<td style=\"text-align:center\" width=\"40\">&#8211;<\/td>\n<\/tr>\n<p><!-- Spiel 5 --><\/p>\n<tr style=\"background-color:#E5E5E5\">\n<td style=\"text-align:center\" width=\"50\">1.5.<\/td>\n<td width=\"200\"><strong>Stuttgart Reds<\/strong><\/td>\n<td width=\"10\">vs.<\/td>\n<td width=\"200\">Baldham Boars<\/td>\n<td style=\"text-align:center\" width=\"40\">9-1<\/td>\n<td style=\"text-align:center\" width=\"40\">5-4<\/td>\n<\/tr>\n<p><!-- Spiel 4 --><\/p>\n<tr style=\"background-color:\">\n<td style=\"text-align:center\" width=\"50\">25.4.<\/td>\n<td width=\"200\">Ingolstadt Schanzer<\/td>\n<td width=\"10\">vs.<\/td>\n<td width=\"200\"><strong>T\u00fcbingen Hawks<\/strong><\/td>\n<td style=\"text-align:center\" width=\"40\">3-7<\/td>\n<td style=\"text-align:center\" width=\"40\">4-15<\/td>\n<\/tr>\n<p><!-- Spiel 3 --><\/p>\n<tr style=\"background-color:#E5E5E5\">\n<td style=\"text-align:center\" width=\"50\">25.4.<\/td>\n<td width=\"200\">Laufer W\u00f6lfe<\/td>\n<td width=\"10\">vs.<\/td>\n<td width=\"200\"><strong>Ellwangen Elks<\/strong><\/td>\n<td style=\"text-align:center\" width=\"40\">4-7<\/td>\n<td style=\"text-align:center\" width=\"40\">5-9<\/td>\n<\/tr>\n<p><!-- Spiel 2 --><\/p>\n<tr style=\"background-color:\">\n<td style=\"text-align:center\" width=\"50\">24.4.<\/td>\n<td width=\"200\"><strong>Stuttgart Reds<\/strong><\/td>\n<td width=\"10\">vs.<\/td>\n<td width=\"200\">M\u00fcnchen Caribes<\/td>\n<td style=\"text-align:center\" width=\"40\">10-12<\/td>\n<td style=\"text-align:center\" width=\"40\">6-5<\/td>\n<\/tr>\n<p><!-- Spiel 1 --><\/p>\n<tr style=\"background-color:#E5E5E5\">\n<td style=\"text-align:center\" width=\"50\">24.4.<\/td>\n<td width=\"200\">F\u00fcrth Pirates<\/td>\n<td width=\"10\">vs.<\/td>\n<td width=\"200\">Baldham Boars<\/td>\n<td style=\"text-align:center\" width=\"40\">12-7<\/td>\n<td style=\"text-align:center\" width=\"40\">4-8<\/td>\n<\/tr>\n<\/tbody>\n<\/table>\n","protected":false},"excerpt":{"rendered":"<p>Tabellen und Ergebnisse f\u00fcr Regionalliga S\u00fcdost Saison 2010 Tabelle Rank Team G V 1 T\u00fcbingen Haws 8 2 2 Ellwangen Elks 6 4 3 M\u00fcnchen Caribes 6 4 4 Stuttgart Reds 5 5 5 F\u00fcrth Pirates 5 5 6 Ingolstadt &hellip; <a href=\"http:\/\/www.baseball-zone.de\/?page_id=2196\">Weiterlesen <span class=\"meta-nav\">&rarr;<\/span><\/a><\/p>\n","protected":false},"author":2,"featured_media":0,"parent":806,"menu_order":3,"comment_status":"closed","ping_status":"open","template":"","meta":{"jetpack_post_was_ever_published":false},"jetpack_sharing_enabled":true,"jetpack_shortlink":"https:\/\/wp.me\/PhQOQ-zq","_links":{"self":[{"href":"http:\/\/www.baseball-zone.de\/index.php?rest_route=\/wp\/v2\/pages\/2196"}],"collection":[{"href":"http:\/\/www.baseball-zone.de\/index.php?rest_route=\/wp\/v2\/pages"}],"about":[{"href":"http:\/\/www.baseball-zone.de\/index.php?rest_route=\/wp\/v2\/types\/page"}],"author":[{"embeddable":true,"href":"http:\/\/www.baseball-zone.de\/index.php?rest_route=\/wp\/v2\/users\/2"}],"replies":[{"embeddable":true,"href":"http:\/\/www.baseball-zone.de\/index.php?rest_route=%2Fwp%2Fv2%2Fcomments&post=2196"}],"version-history":[{"count":16,"href":"http:\/\/www.baseball-zone.de\/index.php?rest_route=\/wp\/v2\/pages\/2196\/revisions"}],"predecessor-version":[{"id":2455,"href":"http:\/\/www.baseball-zone.de\/index.php?rest_route=\/wp\/v2\/pages\/2196\/revisions\/2455"}],"up":[{"embeddable":true,"href":"http:\/\/www.baseball-zone.de\/index.php?rest_route=\/wp\/v2\/pages\/806"}],"wp:attachment":[{"href":"http:\/\/www.baseball-zone.de\/index.php?rest_route=%2Fwp%2Fv2%2Fmedia&parent=2196"}],"curies":[{"name":"wp","href":"https:\/\/api.w.org\/{rel}","templated":true}]}}