{"id":20,"date":"2008-07-14T01:12:20","date_gmt":"2008-07-13T23:12:20","guid":{"rendered":"http:\/\/www.baseball-zone.de\/?page_id=20"},"modified":"2018-05-05T23:04:23","modified_gmt":"2018-05-05T22:04:23","slug":"lexikon","status":"publish","type":"page","link":"http:\/\/www.baseball-zone.de\/?page_id=20","title":{"rendered":"Lexikon"},"content":{"rendered":"<h3><a href=\"http:\/\/www.baseball-zone.de\/wp-content\/uploads\/2008\/07\/bball.jpg\"><img loading=\"lazy\" class=\"alignright size-full wp-image-21\" style=\"border: 2px solid blue; margin: 10px;\" title=\"Baseball\" src=\"http:\/\/www.baseball-zone.de\/wp-content\/uploads\/2008\/07\/bball.jpg\" alt=\"Baseball \u00fcber gr\u00fcnem Boden\" width=\"213\" height=\"119\" \/><\/a>10-run-rule<\/h3>\n<p>Sonderregel, bei der ein Spiel aufgrund der Dominanz einer Mannschaft vom Umpire f\u00fcr beendet erkl\u00e4rt wird. wenn eine Mannschaft zwei Innings vor Schlu\u00df mit mehr als 10 Punkten f\u00fchrt.<\/p>\n<h3>15-Run-Rule<\/h3>\n<p>Wenn ein Team mit 15 Punkten nach 3 Innings in F\u00fchrung liegt, wird das Spiel vom Umpire f\u00fcr beendet erkl\u00e4rt.<\/p>\n<h3>20-Run-Rule<\/h3>\n<p>Wenn ein Team mit 20 Punkten nach 2 Innings in F\u00fchrung liegt, wird das Spiel vom Umpire f\u00fcr beendet erkl\u00e4rt..<\/p>\n<h3>Assist<\/h3>\n<p>Wurf, der zu einem &#8222;Out&#8220; f\u00fchrt.<\/p>\n<h3>&#8222;Ball&#8220;<\/h3>\n<p>Fehlwurf des Pitchers. Der Ball darf dabei nicht durch die Strike-Zone fliegen und der Batter darf auch nicht versuchen, nach dem Ball zu schlagen. Wird vom Umpire entschieden.<\/p>\n<h3>Base<\/h3>\n<p>Eckpunkte des &#8222;Infields&#8220;<\/p>\n<h3>Base on Balls<\/h3>\n<p>Entspricht einem Walk<\/p>\n<h3>Batter<\/h3>\n<p>Schlagmann der Offense<\/p>\n<h3>Batting Average<\/h3>\n<p>Schlagleistung des Batters in Prozent (erfolgreiche Schl\u00e4ge im Verh\u00e4ltnis zur Anzahl seiner Versuche)<\/p>\n<h3>Bunt<\/h3>\n<p>Absichtlich kurz geschlagener Ball<\/p>\n<h3>Catcher<\/h3>\n<p>F\u00e4nger der Defense<\/p>\n<h3>Defense<\/h3>\n<p>Feldmannschaft. Die Mannschaft, die gerade in der Verteidigung ist.<\/p>\n<h3>Earnd Run<\/h3>\n<p>Run, den ein Pitcher selbst verschuldet hat.<\/p>\n<h3>Error<\/h3>\n<p>Fehler der Defense<\/p>\n<h3>Fly-Out<\/h3>\n<p>geschlagener Ball, der direkt aus der Luft gefangen wird &#8211; Batter ist Out<\/p>\n<h3>Foul-Ball<\/h3>\n<p>ins Spielfeldaus geschlagener Ball &#8211; wird als Strike gewertet<\/p>\n<h3>Foul-Line<\/h3>\n<p>Spielfeldbegrenzung ausgehend von der Homeplate<\/p>\n<h3>Hit<\/h3>\n<p>Schlag ins Feld, durch den der Batter mindestens die erste Base erreicht. Wenn er bis zur ersten Base kommt, hei\u00dft der Schlag auch &#8222;Single&#8220;, bis zum zweiten &#8222;Double&#8220;, bis zum dritten &#8222;Triple&#8220; und bis zum vierten, also praktisch wieder nach Hause (auf &#8222;Home&#8220;), dann ist es ein Homerun.<\/p>\n<h3>Homerun<\/h3>\n<p>Schlag \u00fcber das Feld hinaus &#8211; er erlaubt es dem Batter, \u00fcber die Bases bis zu Homeplate zu laufen und bringt einen Punkt. Jeder Runner auf den Bases darf auch &#8222;nach Hause&#8220;. Wenn alle Bases besetzt waren, spricht man von einem &#8222;Grand Slam&#8220; = vier Punkte.<\/p>\n<h3>Infield<\/h3>\n<p>Spielfeldbereich innerhalb der drei Bases und dem Homeplate, auch Innenfeld genannt.<\/p>\n<h3>Inning<\/h3>\n<p>Spielabschnitt, in dem jedes Team einmal in der Offense, und einmal in der Defense ist<\/p>\n<h3>Mound<\/h3>\n<p>Ein H\u00fcgel in der Mitte des Innfields. Der Pitcher muss vor jedem Pitch auf dem Mound stehen, dort ist eine Platte angebracht, zu der er vor dem Pitch mit einem Fu\u00df Kontakt haben muss. So ist gew\u00e4hrleistet, dass der Werfer immer aus der gleichen Position wirft.<\/p>\n<h3>Offense<\/h3>\n<p>Schlagmannschaft, die Mannschaft, die gerade im Angriff ist.<\/p>\n<h3>On Base<\/h3>\n<p>Batter erreicht mindestens das erste Base &#8211; dann ist er &#8222;on base&#8220;<\/p>\n<h3>&#8222;Out&#8220;<\/h3>\n<p>Spieler der Offense, der &#8222;aus&#8220; gemacht wurde. Wird vom Umpire &#8222;Out gecallt&#8220;, das hei\u00dft, der Schiedsrichter entscheidet, dass der Spieler &#8222;aus&#8220; ist.<\/p>\n<h3>Outfield<\/h3>\n<p>Alles, was nicht infield oder Foul ist. Auch Au\u00dfenfeld genannt.<\/p>\n<h3>Pitcher<\/h3>\n<p>Werfer der Defensive<\/p>\n<h3>Plate Appearence<\/h3>\n<p>Jeder Auftritt des Batters zum Schlagen<\/p>\n<h3>Put out<\/h3>\n<p>Erzieltes Out<\/p>\n<h3>Run<\/h3>\n<p>Ein erzielter Punkt<\/p>\n<h3>Runner<\/h3>\n<p>Spieler der Offense, der ein Base erreicht hat.<\/p>\n<h3>Runs Batted In (RBI)<\/h3>\n<p>Wenn ein Batter einen hit erzielt, werden die Runner, die Runs erzielen k\u00f6nnen, f\u00fcr ihn als RBI gez\u00e4hlt.<\/p>\n<h3>Scorer<\/h3>\n<p>Schriftf\u00fchrer, was im Baseball sehr kompliziert ist. Hier wird n\u00e4mlich jeder Spielzug mitgeschrieben.<\/p>\n<h3>Stolen Base<\/h3>\n<p>Ein Runner auf Base l\u00e4uft zum n\u00e4chsten Base, ohne da\u00df der Ball geschlagen wird<\/p>\n<h3>Strike<\/h3>\n<p>Fehlschlag des Batters, also erfolgreicher Wurf des Pitchers. Dabei ist es egal, ob der Batter den Ball bei einem Schlagversuch verfehlt, oder ob der Umpire hinter dem Catcher auf Strike entscheidet. Wenn der Ball in der Strike-Zone ist und der Batter nicht versucht, danach zu schlagen, muss der Schiedsrichter auf Strike entscheiden.<\/p>\n<h3>Strike-out<\/h3>\n<p>Drei Strikes eines Pitchers f\u00fchren zum &#8222;out&#8220;. Das ist eine der M\u00f6glichkeiten, einen Spieler der angreifenden Mannschaft &#8222;aus&#8220; zu machen.<\/p>\n<h3>Strike-Zone<\/h3>\n<p>Bereich \u00fcber der Homeplate, zwischen Knie und Brust des Batters<\/p>\n<h3>Tag-Out<\/h3>\n<p>Runner wird mit dem Ball ber\u00fchrt, ohne Kontakt zu einem Base zu haben<\/p>\n<h3>Umpire<\/h3>\n<p>Schiedsrichter<\/p>\n<h3>Walk<\/h3>\n<p>Vier Fehlw\u00fcrfe (Balls) eines Pitchers &#8211; Batter darf zum ersten Base, ohne schlagen zu m\u00fcssen.<\/p>\n","protected":false},"excerpt":{"rendered":"<p>10-run-rule Sonderregel, bei der ein Spiel aufgrund der Dominanz einer Mannschaft vom Umpire f\u00fcr beendet erkl\u00e4rt wird. wenn eine Mannschaft zwei Innings vor Schlu\u00df mit mehr als 10 Punkten f\u00fchrt. 15-Run-Rule Wenn ein Team mit 15 Punkten nach 3 Innings &hellip; <a href=\"http:\/\/www.baseball-zone.de\/?page_id=20\">Weiterlesen <span class=\"meta-nav\">&rarr;<\/span><\/a><\/p>\n","protected":false},"author":2,"featured_media":0,"parent":0,"menu_order":6,"comment_status":"closed","ping_status":"open","template":"","meta":{"jetpack_post_was_ever_published":false},"jetpack_sharing_enabled":true,"jetpack_shortlink":"https:\/\/wp.me\/PhQOQ-k","_links":{"self":[{"href":"http:\/\/www.baseball-zone.de\/index.php?rest_route=\/wp\/v2\/pages\/20"}],"collection":[{"href":"http:\/\/www.baseball-zone.de\/index.php?rest_route=\/wp\/v2\/pages"}],"about":[{"href":"http:\/\/www.baseball-zone.de\/index.php?rest_route=\/wp\/v2\/types\/page"}],"author":[{"embeddable":true,"href":"http:\/\/www.baseball-zone.de\/index.php?rest_route=\/wp\/v2\/users\/2"}],"replies":[{"embeddable":true,"href":"http:\/\/www.baseball-zone.de\/index.php?rest_route=%2Fwp%2Fv2%2Fcomments&post=20"}],"version-history":[{"count":6,"href":"http:\/\/www.baseball-zone.de\/index.php?rest_route=\/wp\/v2\/pages\/20\/revisions"}],"predecessor-version":[{"id":803,"href":"http:\/\/www.baseball-zone.de\/index.php?rest_route=\/wp\/v2\/pages\/20\/revisions\/803"}],"wp:attachment":[{"href":"http:\/\/www.baseball-zone.de\/index.php?rest_route=%2Fwp%2Fv2%2Fmedia&parent=20"}],"curies":[{"name":"wp","href":"https:\/\/api.w.org\/{rel}","templated":true}]}}