{"id":1215,"date":"2009-03-12T16:36:56","date_gmt":"2009-03-12T15:36:56","guid":{"rendered":"http:\/\/www.baseball-zone.de\/?page_id=1215"},"modified":"2018-05-05T23:04:23","modified_gmt":"2018-05-05T22:04:23","slug":"bezirksliga-bb-gruppe-3","status":"publish","type":"page","link":"http:\/\/www.baseball-zone.de\/?page_id=1215","title":{"rendered":"Bezirksliga BW Gr. 3"},"content":{"rendered":"<p><strong>Tabellen und Ergebnisse<\/strong> f\u00fcr Bezirksliga Gruppe 3 Baden-W\u00fcrttemberg Saison 2010<\/p>\n<p><strong>Tabelle<\/strong><\/p>\n<table border=\"0\"><!-- Header --><\/p>\n<tbody>\n<tr style=\"background-color:#117722\">\n<td style=\"text-align:center\" width=\"40\"><strong>Rank<\/strong><\/td>\n<td width=\"300\"><strong>Team<\/strong><\/td>\n<td style=\"text-align:center\" width=\"40\"><strong>G<\/strong><\/td>\n<td style=\"text-align:center\" width=\"40\"><strong>V<\/strong><\/td>\n<\/tr>\n<p><!-- Rank 1 --><\/p>\n<tr style=\"background-color:#E5E5E5\">\n<td style=\"text-align:center\" width=\"40\">1<\/td>\n<td width=\"300\">Hard Bulls<\/td>\n<td style=\"text-align:center\" width=\"40\">5<\/td>\n<td style=\"text-align:center\" width=\"40\">0<\/td>\n<\/tr>\n<p><!-- Rank 2 --><\/p>\n<tr style=\"background-color:\">\n<td style=\"text-align:center\" width=\"40\">2<\/td>\n<td width=\"300\">Gammertingen Royals 2<\/td>\n<td style=\"text-align:center\" width=\"40\">3<\/td>\n<td style=\"text-align:center\" width=\"40\">1<\/td>\n<\/tr>\n<p><!-- Rank 3 --><\/p>\n<tr style=\"background-color:#E5E5E5\">\n<td style=\"text-align:center\" width=\"40\">3<\/td>\n<td width=\"300\"><strong>Heidenheim Heidek\u00f6pfe 3<\/strong><\/td>\n<td style=\"text-align:center\" width=\"40\">2<\/td>\n<td style=\"text-align:center\" width=\"40\">2<\/td>\n<\/tr>\n<p><!-- Rank 4 --><\/p>\n<tr style=\"background-color:\">\n<td style=\"text-align:center\" width=\"40\">4<\/td>\n<td width=\"300\">Reutlingen Woodpeckers<\/td>\n<td style=\"text-align:center\" width=\"40\">1<\/td>\n<td style=\"text-align:center\" width=\"40\">2<\/td>\n<\/tr>\n<p><!-- Rank 5 --><\/p>\n<tr style=\"background-color:#E5E5E5\">\n<td style=\"text-align:center\" width=\"40\">5<\/td>\n<td width=\"300\"><strong>Dornstadt Falcons<\/strong><\/td>\n<td style=\"text-align:center\" width=\"40\">1<\/td>\n<td style=\"text-align:center\" width=\"40\">3<\/td>\n<\/tr>\n<p><!-- Rank 6 --><\/p>\n<tr style=\"background-color:\">\n<td style=\"text-align:center\" width=\"40\">6<\/td>\n<td width=\"300\"><strong>Ulm Falcons 2<\/strong><\/td>\n<td style=\"text-align:center\" width=\"40\">0<\/td>\n<td style=\"text-align:center\" width=\"40\">4<\/td>\n<\/tr>\n<\/tbody>\n<\/table>\n<p>Gespielt wird eine 3er Runde = 15 Spieltage\/Spiele pro Mannschaft<\/p>\n<p><strong>Ergebnisse (aufsteigend sortiert)<\/strong><\/p>\n<table border=\"0\"><!-- Header --><\/p>\n<tbody>\n<tr style=\"background-color:#117722\">\n<td style=\"text-align:center\" width=\"50\"><strong>Date<\/strong><\/td>\n<td width=\"200\"><strong>Home<\/strong><\/td>\n<td width=\"10\"><strong> <\/strong><\/td>\n<td width=\"200\"><strong>Guest<\/strong><\/td>\n<td style=\"text-align:center\" width=\"40\"><strong> <\/strong><\/td>\n<td style=\"text-align:center\" width=\"40\"><strong> <\/strong><\/td>\n<\/tr>\n<p><!-- Spiel 12 --><\/p>\n<tr style=\"background-color:\">\n<td style=\"text-align:center\" width=\"50\">6.6.<\/td>\n<td width=\"200\">Hard Bulls<\/td>\n<td width=\"10\">vs.<\/td>\n<td width=\"200\"><strong>Heidenheim Heidek\u00f6pfe 3<\/strong><\/td>\n<td style=\"text-align:center\" width=\"40\">9-8<\/td>\n<td style=\"text-align:center\" width=\"40\"><\/td>\n<\/tr>\n<p><!-- Spiel 11 --><\/p>\n<tr style=\"background-color:#E5E5E5\">\n<td style=\"text-align:center\" width=\"50\">5.6.<\/td>\n<td width=\"200\"><strong>Dornstadt Falcons 2<\/strong><\/td>\n<td width=\"10\">vs.<\/td>\n<td width=\"200\"><strong>Ulm Falcons 2<\/strong><\/td>\n<td style=\"text-align:center\" width=\"40\">19-9<\/td>\n<td style=\"text-align:center\" width=\"40\"><\/td>\n<\/tr>\n<p><!-- Spiel 10 --><\/p>\n<tr style=\"background-color:\">\n<td style=\"text-align:center\" width=\"50\">29.5.<\/td>\n<td width=\"200\"><strong>Dornstadt Falcons<\/strong><\/td>\n<td width=\"10\">vs.<\/td>\n<td width=\"200\">Gammertingen Royals 2<\/td>\n<td style=\"text-align:center\" width=\"40\">2-22<\/td>\n<td style=\"text-align:center\" width=\"40\"><\/td>\n<\/tr>\n<p><!-- Spiel 9 --><\/p>\n<tr style=\"background-color:#E5E5E5\">\n<td style=\"text-align:center\" width=\"50\">15.5.<\/td>\n<td width=\"200\"><strong>Heidenheim  Heidek\u00f6pfe 3<\/strong><\/td>\n<td width=\"10\">vs.<\/td>\n<td width=\"200\">Gammertingen Royals<\/td>\n<td style=\"text-align:center\" width=\"40\">4-7<\/td>\n<td style=\"text-align:center\" width=\"40\"><\/td>\n<\/tr>\n<p><!-- Spiel 8 --><\/p>\n<tr style=\"background-color:\">\n<td style=\"text-align:center\" width=\"50\">15.5.<\/td>\n<td width=\"200\">Hard Bulls<\/td>\n<td width=\"10\">vs.<\/td>\n<td width=\"200\"><strong>Ulm Falcons 2<\/strong><\/td>\n<td style=\"text-align:center\" width=\"40\">17-6<\/td>\n<td style=\"text-align:center\" width=\"40\"><\/td>\n<\/tr>\n<p><!-- Spiel 7 --><\/p>\n<tr style=\"background-color:#E5E5E5\">\n<td style=\"text-align:center\" width=\"50\">9.5.<\/td>\n<td width=\"200\"><strong>Ulm Falcons 2<\/strong><\/td>\n<td width=\"10\">vs.<\/td>\n<td width=\"200\">Gammertingen Royals<\/td>\n<td style=\"text-align:center\" width=\"40\">4-14<\/td>\n<td style=\"text-align:center\" width=\"40\"><\/td>\n<\/tr>\n<p><!-- Spiel 6 --><\/p>\n<tr style=\"background-color:\">\n<td style=\"text-align:center\" width=\"50\">9.5.<\/td>\n<td width=\"200\">Reutlingen Woodpeckers<\/td>\n<td width=\"10\">vs.<\/td>\n<td width=\"200\"><strong>Heidenheim Heidek\u00f6pfe 3<\/strong><\/td>\n<td style=\"text-align:center\" width=\"40\">5-20<\/td>\n<td style=\"text-align:center\" width=\"40\"><\/td>\n<\/tr>\n<p><!-- Spiel 5 --><\/p>\n<tr style=\"background-color:#E5E5E5\">\n<td style=\"text-align:center\" width=\"50\">9.5.<\/td>\n<td width=\"200\"><strong>Dornstadt Falcons<\/strong><\/td>\n<td width=\"10\">vs.<\/td>\n<td width=\"200\">Hard Bulls<\/td>\n<td style=\"text-align:center\" width=\"40\">0-17<\/td>\n<td style=\"text-align:center\" width=\"40\"><\/td>\n<\/tr>\n<p><!-- Spiel 4 --><\/p>\n<tr style=\"background-color:\">\n<td style=\"text-align:center\" width=\"50\">2.5.<\/td>\n<td width=\"200\">Reutlingen Woodpeckers<\/td>\n<td width=\"10\">vs.<\/td>\n<td width=\"200\">Hard Bulls<\/td>\n<td style=\"text-align:center\" width=\"40\">1-27<\/td>\n<td style=\"text-align:center\" width=\"40\"><\/td>\n<\/tr>\n<p><!-- Spiel 3 --><\/p>\n<tr style=\"background-color:#E5E5E5\">\n<td style=\"text-align:center\" width=\"50\">25.4.<\/td>\n<td width=\"200\"><strong>Heidenheim Heidek\u00f6pfe 3<\/strong><\/td>\n<td width=\"10\">vs.<\/td>\n<td width=\"200\"><strong>Dornstadt Falcons<\/strong><\/td>\n<td style=\"text-align:center\" width=\"40\">8-4<\/td>\n<td style=\"text-align:center\" width=\"40\"><\/td>\n<\/tr>\n<p><!-- Spiel 2 --><\/p>\n<tr style=\"background-color:\">\n<td style=\"text-align:center\" width=\"50\">24.4.<\/td>\n<td width=\"200\"><strong>Ulm Falcons 2<\/strong><\/td>\n<td width=\"10\">vs.<\/td>\n<td width=\"200\">Reutlingen Woodpeckers<\/td>\n<td style=\"text-align:center\" width=\"40\">17-24<\/td>\n<td style=\"text-align:center\" width=\"40\"><\/td>\n<\/tr>\n<p><!-- Spiel 1 --><\/p>\n<tr style=\"background-color:#E5E5E5\">\n<td style=\"text-align:center\" width=\"50\">24.4.<\/td>\n<td width=\"200\">Hard Bulls<\/td>\n<td width=\"10\">vs.<\/td>\n<td width=\"200\">Gammertingen Royals 2<\/td>\n<td style=\"text-align:center\" width=\"40\">14-4<\/td>\n<td style=\"text-align:center\" width=\"40\"><\/td>\n<\/tr>\n<\/tbody>\n<\/table>\n","protected":false},"excerpt":{"rendered":"<p>Tabellen und Ergebnisse f\u00fcr Bezirksliga Gruppe 3 Baden-W\u00fcrttemberg Saison 2010 Tabelle Rank Team G V 1 Hard Bulls 5 0 2 Gammertingen Royals 2 3 1 3 Heidenheim Heidek\u00f6pfe 3 2 2 4 Reutlingen Woodpeckers 1 2 5 Dornstadt Falcons &hellip; <a href=\"http:\/\/www.baseball-zone.de\/?page_id=1215\">Weiterlesen <span class=\"meta-nav\">&rarr;<\/span><\/a><\/p>\n","protected":false},"author":2,"featured_media":0,"parent":806,"menu_order":6,"comment_status":"closed","ping_status":"open","template":"","meta":{"jetpack_post_was_ever_published":false},"jetpack_sharing_enabled":true,"jetpack_shortlink":"https:\/\/wp.me\/PhQOQ-jB","_links":{"self":[{"href":"http:\/\/www.baseball-zone.de\/index.php?rest_route=\/wp\/v2\/pages\/1215"}],"collection":[{"href":"http:\/\/www.baseball-zone.de\/index.php?rest_route=\/wp\/v2\/pages"}],"about":[{"href":"http:\/\/www.baseball-zone.de\/index.php?rest_route=\/wp\/v2\/types\/page"}],"author":[{"embeddable":true,"href":"http:\/\/www.baseball-zone.de\/index.php?rest_route=\/wp\/v2\/users\/2"}],"replies":[{"embeddable":true,"href":"http:\/\/www.baseball-zone.de\/index.php?rest_route=%2Fwp%2Fv2%2Fcomments&post=1215"}],"version-history":[{"count":46,"href":"http:\/\/www.baseball-zone.de\/index.php?rest_route=\/wp\/v2\/pages\/1215\/revisions"}],"predecessor-version":[{"id":2458,"href":"http:\/\/www.baseball-zone.de\/index.php?rest_route=\/wp\/v2\/pages\/1215\/revisions\/2458"}],"up":[{"embeddable":true,"href":"http:\/\/www.baseball-zone.de\/index.php?rest_route=\/wp\/v2\/pages\/806"}],"wp:attachment":[{"href":"http:\/\/www.baseball-zone.de\/index.php?rest_route=%2Fwp%2Fv2%2Fmedia&parent=1215"}],"curies":[{"name":"wp","href":"https:\/\/api.w.org\/{rel}","templated":true}]}}