{"id":1204,"date":"2009-03-12T16:28:30","date_gmt":"2009-03-12T15:28:30","guid":{"rendered":"http:\/\/www.baseball-zone.de\/?page_id=1204"},"modified":"2018-05-05T23:04:23","modified_gmt":"2018-05-05T22:04:23","slug":"verbandsliga-bw","status":"publish","type":"page","link":"http:\/\/www.baseball-zone.de\/?page_id=1204","title":{"rendered":"Verbandsliga BW"},"content":{"rendered":"<p><strong>Tabellen und Ergebnisse<\/strong> f\u00fcr Verbandsliga Baden-W\u00fcrttemberg Saison 2010<\/p>\n<p><strong>Tabelle<\/strong><\/p>\n<table border=\"0\"><!-- Header --><\/p>\n<tbody>\n<tr style=\"background-color:#117722\">\n<td style=\"text-align:center\" width=\"40\"><strong>Rank<\/strong><\/td>\n<td width=\"300\"><strong>Team<\/strong><\/td>\n<td style=\"text-align:center\" width=\"40\"><strong>G<\/strong><\/td>\n<td style=\"text-align:center\" width=\"40\"><strong>V<\/strong><\/td>\n<\/tr>\n<p><!-- Rank 1 --><\/p>\n<tr style=\"background-color:#E5E5E5\">\n<td style=\"text-align:center\" width=\"40\">1<\/td>\n<td width=\"300\">G\u00f6ppingen Green Sox<\/td>\n<td style=\"text-align:center\" width=\"40\">5<\/td>\n<td style=\"text-align:center\" width=\"40\">1<\/td>\n<\/tr>\n<p><!-- Rank 2 --><\/p>\n<tr style=\"background-color:\">\n<td style=\"text-align:center\" width=\"40\">2<\/td>\n<td width=\"300\">Herrenberg Wanderers<\/td>\n<td style=\"text-align:center\" width=\"40\">5<\/td>\n<td style=\"text-align:center\" width=\"40\">1<\/td>\n<\/tr>\n<p><!-- Rank 3 --><\/p>\n<tr style=\"background-color:#E5E5E5\">\n<td style=\"text-align:center\" width=\"40\">3<\/td>\n<td width=\"300\">Neuenburg Atomics 2<\/td>\n<td style=\"text-align:center\" width=\"40\">4<\/td>\n<td style=\"text-align:center\" width=\"40\">2<\/td>\n<\/tr>\n<p><!-- Rank 4 --><\/p>\n<tr style=\"background-color:\">\n<td style=\"text-align:center\" width=\"40\">4<\/td>\n<td width=\"300\">Sindelfingen Squirrels<\/td>\n<td style=\"text-align:center\" width=\"40\">4<\/td>\n<td style=\"text-align:center\" width=\"40\">2<\/td>\n<\/tr>\n<p><!-- Rank 5 --><\/p>\n<tr style=\"background-color:#E5E5E5\">\n<td style=\"text-align:center\" width=\"40\">5<\/td>\n<td width=\"300\"><strong>Ulm Falcons<\/strong><\/td>\n<td style=\"text-align:center\" width=\"40\">3<\/td>\n<td style=\"text-align:center\" width=\"40\">2<\/td>\n<\/tr>\n<p><!-- Rank 6 --><\/p>\n<tr style=\"background-color:\">\n<td style=\"text-align:center\" width=\"40\">6<\/td>\n<td width=\"300\">Gammertingen Royals<\/td>\n<td style=\"text-align:center\" width=\"40\">3<\/td>\n<td style=\"text-align:center\" width=\"40\">3<\/td>\n<\/tr>\n<p><!-- Rank 7 --><\/p>\n<tr style=\"background-color:#E5E5E5\">\n<td style=\"text-align:center\" width=\"40\">7<\/td>\n<td width=\"300\">Kehl Mosquitos<\/td>\n<td style=\"text-align:center\" width=\"40\">2<\/td>\n<td style=\"text-align:center\" width=\"40\">3<\/td>\n<\/tr>\n<p><!-- Rank 8 --><\/p>\n<tr style=\"background-color:\">\n<td style=\"text-align:center\" width=\"40\">8<\/td>\n<td width=\"300\">Villingendorf Cavemen<\/td>\n<td style=\"text-align:center\" width=\"40\">2<\/td>\n<td style=\"text-align:center\" width=\"40\">4<\/td>\n<\/tr>\n<p><!-- Rank 9 --><\/p>\n<tr style=\"background-color:#E5E5E5\">\n<td style=\"text-align:center\" width=\"40\">9<\/td>\n<td width=\"300\">Nagold Mohawks<\/td>\n<td style=\"text-align:center\" width=\"40\">1<\/td>\n<td style=\"text-align:center\" width=\"40\">5<\/td>\n<\/tr>\n<p><!-- Rank 10 --><\/p>\n<tr style=\"background-color:\">\n<td style=\"text-align:center\" width=\"40\">10<\/td>\n<td width=\"300\">Bretten Kangaroos<\/td>\n<td style=\"text-align:center\" width=\"40\">0<\/td>\n<td style=\"text-align:center\" width=\"40\">6<\/td>\n<\/tr>\n<\/tbody>\n<\/table>\n<p><strong>Ergebnisse (in aufsteigender Reihenfolge)<\/strong><\/p>\n<table border=\"0\"><!-- Header --><\/p>\n<tbody>\n<tr style=\"background-color:#117722\">\n<td style=\"text-align:center\" width=\"50\"><strong>Date<\/strong><\/td>\n<td width=\"200\"><strong>Home<\/strong><\/td>\n<td width=\"10\"><strong><\/strong><\/td>\n<td width=\"200\"><strong>Guest<\/strong><\/td>\n<td style=\"text-align:center\" width=\"40\"><strong><\/strong><\/td>\n<td style=\"text-align:center\" width=\"40\"><strong><\/strong><\/td>\n<\/tr>\n<p><!-- Spiel 50 --><\/p>\n<tr style=\"background-color:\">\n<td style=\"text-align:center\" width=\"50\"><\/td>\n<td width=\"200\"><\/td>\n<td width=\"10\">vs.<\/td>\n<td width=\"200\"><\/td>\n<td style=\"text-align:center\" width=\"40\"><\/td>\n<td style=\"text-align:center\" width=\"40\"><\/td>\n<\/tr>\n<p><!-- Spiel 49 --><\/p>\n<tr style=\"background-color:#E5E5E5\">\n<td style=\"text-align:center\" width=\"50\"><\/td>\n<td width=\"200\"><\/td>\n<td width=\"10\">vs.<\/td>\n<td width=\"200\"><\/td>\n<td style=\"text-align:center\" width=\"40\"><\/td>\n<td style=\"text-align:center\" width=\"40\"><\/td>\n<\/tr>\n<p><!-- Spiel 48 --><\/p>\n<tr style=\"background-color:\">\n<td style=\"text-align:center\" width=\"50\"><\/td>\n<td width=\"200\"><\/td>\n<td width=\"10\">vs.<\/td>\n<td width=\"200\"><\/td>\n<td style=\"text-align:center\" width=\"40\"><\/td>\n<td style=\"text-align:center\" width=\"40\"><\/td>\n<\/tr>\n<p><!-- Spiel 47 --><\/p>\n<tr style=\"background-color:#E5E5E5\">\n<td style=\"text-align:center\" width=\"50\"><\/td>\n<td width=\"200\"><\/td>\n<td width=\"10\">vs.<\/td>\n<td width=\"200\"><\/td>\n<td style=\"text-align:center\" width=\"40\"><\/td>\n<td style=\"text-align:center\" width=\"40\"><\/td>\n<\/tr>\n<p><!-- Spiel 46 --><\/p>\n<tr style=\"background-color:\">\n<td style=\"text-align:center\" width=\"50\"><\/td>\n<td width=\"200\"><\/td>\n<td width=\"10\">vs.<\/td>\n<td width=\"200\"><\/td>\n<td style=\"text-align:center\" width=\"40\"><\/td>\n<td style=\"text-align:center\" width=\"40\"><\/td>\n<\/tr>\n<p><!-- Spiel 45 --><\/p>\n<tr style=\"background-color:#E5E5E5\">\n<td style=\"text-align:center\" width=\"50\"><\/td>\n<td width=\"200\"><\/td>\n<td width=\"10\">vs.<\/td>\n<td width=\"200\"><\/td>\n<td style=\"text-align:center\" width=\"40\"><\/td>\n<td style=\"text-align:center\" width=\"40\"><\/td>\n<\/tr>\n<p><!-- Spiel 44 --><\/p>\n<tr style=\"background-color:\">\n<td style=\"text-align:center\" width=\"50\"><\/td>\n<td width=\"200\"><\/td>\n<td width=\"10\">vs.<\/td>\n<td width=\"200\"><\/td>\n<td style=\"text-align:center\" width=\"40\"><\/td>\n<td style=\"text-align:center\" width=\"40\"><\/td>\n<\/tr>\n<p><!-- Spiel 43 --><\/p>\n<tr style=\"background-color:#E5E5E5\">\n<td style=\"text-align:center\" width=\"50\"><\/td>\n<td width=\"200\"><\/td>\n<td width=\"10\">vs.<\/td>\n<td width=\"200\"><\/td>\n<td style=\"text-align:center\" width=\"40\"><\/td>\n<td style=\"text-align:center\" width=\"40\"><\/td>\n<\/tr>\n<p><!-- Spiel 42 --><\/p>\n<tr style=\"background-color:\">\n<td style=\"text-align:center\" width=\"50\"><\/td>\n<td width=\"200\"><\/td>\n<td width=\"10\">vs.<\/td>\n<td width=\"200\"><\/td>\n<td style=\"text-align:center\" width=\"40\"><\/td>\n<td style=\"text-align:center\" width=\"40\"><\/td>\n<\/tr>\n<p><!-- Spiel 41 --><\/p>\n<tr style=\"background-color:#E5E5E5\">\n<td style=\"text-align:center\" width=\"50\"><\/td>\n<td width=\"200\"><\/td>\n<td width=\"10\">vs.<\/td>\n<td width=\"200\"><\/td>\n<td style=\"text-align:center\" width=\"40\"><\/td>\n<td style=\"text-align:center\" width=\"40\"><\/td>\n<\/tr>\n<p><!-- Spiel 40 --><\/p>\n<tr style=\"background-color:\">\n<td style=\"text-align:center\" width=\"50\"><\/td>\n<td width=\"200\"><\/td>\n<td width=\"10\">vs.<\/td>\n<td width=\"200\"><\/td>\n<td style=\"text-align:center\" width=\"40\"><\/td>\n<td style=\"text-align:center\" width=\"40\"><\/td>\n<\/tr>\n<p><!-- Spiel 39 --><\/p>\n<tr style=\"background-color:#E5E5E5\">\n<td style=\"text-align:center\" width=\"50\"><\/td>\n<td width=\"200\"><\/td>\n<td width=\"10\">vs.<\/td>\n<td width=\"200\"><\/td>\n<td style=\"text-align:center\" width=\"40\"><\/td>\n<td style=\"text-align:center\" width=\"40\"><\/td>\n<\/tr>\n<p><!-- Spiel 38 --><\/p>\n<tr style=\"background-color:\">\n<td style=\"text-align:center\" width=\"50\"><\/td>\n<td width=\"200\"><\/td>\n<td width=\"10\">vs.<\/td>\n<td width=\"200\"><\/td>\n<td style=\"text-align:center\" width=\"40\"><\/td>\n<td style=\"text-align:center\" width=\"40\"><\/td>\n<\/tr>\n<p><!-- Spiel 37 --><\/p>\n<tr style=\"background-color:#E5E5E5\">\n<td style=\"text-align:center\" width=\"50\"><\/td>\n<td width=\"200\"><\/td>\n<td width=\"10\">vs.<\/td>\n<td width=\"200\"><\/td>\n<td style=\"text-align:center\" width=\"40\"><\/td>\n<td style=\"text-align:center\" width=\"40\"><\/td>\n<\/tr>\n<p><!-- Spiel 36 --><\/p>\n<tr style=\"background-color:\">\n<td style=\"text-align:center\" width=\"50\"><\/td>\n<td width=\"200\"><\/td>\n<td width=\"10\">vs.<\/td>\n<td width=\"200\"><\/td>\n<td style=\"text-align:center\" width=\"40\"><\/td>\n<td style=\"text-align:center\" width=\"40\"><\/td>\n<\/tr>\n<p><!-- Spiel 35 --><\/p>\n<tr style=\"background-color:#E5E5E5\">\n<td style=\"text-align:center\" width=\"50\"><\/td>\n<td width=\"200\"><\/td>\n<td width=\"10\">vs.<\/td>\n<td width=\"200\"><\/td>\n<td style=\"text-align:center\" width=\"40\"><\/td>\n<td style=\"text-align:center\" width=\"40\"><\/td>\n<\/tr>\n<p><!-- Spiel 34 --><\/p>\n<tr style=\"background-color:\">\n<td style=\"text-align:center\" width=\"50\"><\/td>\n<td width=\"200\"><\/td>\n<td width=\"10\">vs.<\/td>\n<td width=\"200\"><\/td>\n<td style=\"text-align:center\" width=\"40\"><\/td>\n<td style=\"text-align:center\" width=\"40\"><\/td>\n<\/tr>\n<p><!-- Spiel 33 --><\/p>\n<tr style=\"background-color:#E5E5E5\">\n<td style=\"text-align:center\" width=\"50\"><\/td>\n<td width=\"200\"><\/td>\n<td width=\"10\">vs.<\/td>\n<td width=\"200\"><\/td>\n<td style=\"text-align:center\" width=\"40\"><\/td>\n<td style=\"text-align:center\" width=\"40\"><\/td>\n<\/tr>\n<p><!-- Spiel 32 --><\/p>\n<tr style=\"background-color:\">\n<td style=\"text-align:center\" width=\"50\"><\/td>\n<td width=\"200\"><\/td>\n<td width=\"10\">vs.<\/td>\n<td width=\"200\"><\/td>\n<td style=\"text-align:center\" width=\"40\"><\/td>\n<td style=\"text-align:center\" width=\"40\"><\/td>\n<\/tr>\n<p><!-- Spiel 31 --><\/p>\n<tr style=\"background-color:#E5E5E5\">\n<td style=\"text-align:center\" width=\"50\"><\/td>\n<td width=\"200\"><\/td>\n<td width=\"10\">vs.<\/td>\n<td width=\"200\"><\/td>\n<td style=\"text-align:center\" width=\"40\"><\/td>\n<td style=\"text-align:center\" width=\"40\"><\/td>\n<\/tr>\n<p><!-- Spiel 30 --><\/p>\n<tr style=\"background-color:\">\n<td style=\"text-align:center\" width=\"50\"><\/td>\n<td width=\"200\"><\/td>\n<td width=\"10\">vs.<\/td>\n<td width=\"200\"><\/td>\n<td style=\"text-align:center\" width=\"40\"><\/td>\n<td style=\"text-align:center\" width=\"40\"><\/td>\n<\/tr>\n<p><!-- Spiel 29 --><\/p>\n<tr style=\"background-color:#E5E5E5\">\n<td style=\"text-align:center\" width=\"50\">6.6.<\/td>\n<td width=\"200\">Villingendorf Cavemen<\/td>\n<td width=\"10\">vs.<\/td>\n<td width=\"200\">Kehl Mosquitos<\/td>\n<td style=\"text-align:center\" width=\"40\">18-5<\/td>\n<td style=\"text-align:center\" width=\"40\"><\/td>\n<\/tr>\n<p><!-- Spiel 28 --><\/p>\n<tr style=\"background-color:\">\n<td style=\"text-align:center\" width=\"50\">6.6.<\/td>\n<td width=\"200\">Nagold Mohawks<\/td>\n<td width=\"10\">vs.<\/td>\n<td width=\"200\">Gammertingen Royals<\/td>\n<td style=\"text-align:center\" width=\"40\">3-13<\/td>\n<td style=\"text-align:center\" width=\"40\"><\/td>\n<\/tr>\n<p><!-- Spiel 27 --><\/p>\n<tr style=\"background-color:#E5E5E5\">\n<td style=\"text-align:center\" width=\"50\">6.6.<\/td>\n<td width=\"200\">Herrenberg Wanderers<\/td>\n<td width=\"10\">vs.<\/td>\n<td width=\"200\"><strong>Ulm Falcons<\/strong><\/td>\n<td style=\"text-align:center\" width=\"40\">3-13<\/td>\n<td style=\"text-align:center\" width=\"40\"><\/td>\n<\/tr>\n<p><!-- Spiel 26 --><\/p>\n<tr style=\"background-color:\">\n<td style=\"text-align:center\" width=\"50\">6.6.<\/td>\n<td width=\"200\">Bretten Kangaroos<\/td>\n<td width=\"10\">vs.<\/td>\n<td width=\"200\">Sindelfingen Squirrels<\/td>\n<td style=\"text-align:center\" width=\"40\">8-14<\/td>\n<td style=\"text-align:center\" width=\"40\"><\/td>\n<\/tr>\n<p><!-- Spiel 25 --><\/p>\n<tr style=\"background-color:#E5E5E5\">\n<td style=\"text-align:center\" width=\"50\">5.6.<\/td>\n<td width=\"200\">G\u00f6ppingen Green Sox<\/td>\n<td width=\"10\">vs.<\/td>\n<td width=\"200\">Neuenburg Atomics<\/td>\n<td style=\"text-align:center\" width=\"40\">9-19<\/td>\n<td style=\"text-align:center\" width=\"40\"><\/td>\n<\/tr>\n<p><!-- Spiel 24 --><\/p>\n<tr style=\"background-color:\">\n<td style=\"text-align:center\" width=\"50\">30.5.<\/td>\n<td width=\"200\">Sindelfingen Squirrels<\/td>\n<td width=\"10\">vs.<\/td>\n<td width=\"200\">Villingendorf Cavemen<\/td>\n<td style=\"text-align:center\" width=\"40\">18-3<\/td>\n<td style=\"text-align:center\" width=\"40\"><\/td>\n<\/tr>\n<p><!-- Spiel 23 --><\/p>\n<tr style=\"background-color:#E5E5E5\">\n<td style=\"text-align:center\" width=\"50\">30.5.<\/td>\n<td width=\"200\">Neuenburg Atomics 2<\/td>\n<td width=\"10\">vs.<\/td>\n<td width=\"200\">Gammertingen Royals<\/td>\n<td style=\"text-align:center\" width=\"40\">17-7<\/td>\n<td style=\"text-align:center\" width=\"40\"><\/td>\n<\/tr>\n<p><!-- Spiel 22 --><\/p>\n<tr style=\"background-color:\">\n<td style=\"text-align:center\" width=\"50\">30.5.<\/td>\n<td width=\"200\">Nagold Mohawks<\/td>\n<td width=\"10\">vs.<\/td>\n<td width=\"200\">G\u00f6ppingen Green Sox<\/td>\n<td style=\"text-align:center\" width=\"40\">7-13<\/td>\n<td style=\"text-align:center\" width=\"40\"><\/td>\n<\/tr>\n<p><!-- Spiel 21 --><\/p>\n<tr style=\"background-color:#E5E5E5\">\n<td style=\"text-align:center\" width=\"50\">30.5.<\/td>\n<td width=\"200\">Bretten Kangaroos<\/td>\n<td width=\"10\">vs.<\/td>\n<td width=\"200\">Herrenberg Wanderers<\/td>\n<td style=\"text-align:center\" width=\"40\">7-8<\/td>\n<td style=\"text-align:center\" width=\"40\"><\/td>\n<\/tr>\n<p><!-- Spiel 20 --><\/p>\n<tr style=\"background-color:\">\n<td style=\"text-align:center\" width=\"50\">16.5.<\/td>\n<td width=\"200\">Villingendorf Cavemen<\/td>\n<td width=\"10\">vs.<\/td>\n<td width=\"200\">Herrenberg Wanderers<\/td>\n<td style=\"text-align:center\" width=\"40\">17-20<\/td>\n<td style=\"text-align:center\" width=\"40\"><\/td>\n<\/tr>\n<p><!-- Spiel 19 --><\/p>\n<tr style=\"background-color:#E5E5E5\">\n<td style=\"text-align:center\" width=\"50\">16.5.<\/td>\n<td width=\"200\"><strong>Ulm Falcons<\/strong><\/td>\n<td width=\"10\">vs.<\/td>\n<td width=\"200\">Gammertingen Royals<\/td>\n<td style=\"text-align:center\" width=\"40\">8-18<\/td>\n<td style=\"text-align:center\" width=\"40\"><\/td>\n<\/tr>\n<p><!-- Spiel 18 --><\/p>\n<tr style=\"background-color:\">\n<td style=\"text-align:center\" width=\"50\">16.5.<\/td>\n<td width=\"200\">Nagold Mohawks<\/td>\n<td width=\"10\">vs.<\/td>\n<td width=\"200\">Sindelfingen Squirrels<\/td>\n<td style=\"text-align:center\" width=\"40\">5-16<\/td>\n<td style=\"text-align:center\" width=\"40\"><\/td>\n<\/tr>\n<p><!-- Spiel 17 --><\/p>\n<tr style=\"background-color:#E5E5E5\">\n<td style=\"text-align:center\" width=\"50\">16.5.<\/td>\n<td width=\"200\">G\u00f6ppingen Green Sox<\/td>\n<td width=\"10\">vs.<\/td>\n<td width=\"200\">Bretten Kangaroos<\/td>\n<td style=\"text-align:center\" width=\"40\">9-0<\/td>\n<td style=\"text-align:center\" width=\"40\"><\/td>\n<\/tr>\n<p><!-- Spiel 16 --><\/p>\n<tr style=\"background-color:\">\n<td style=\"text-align:center\" width=\"50\">15.5.<\/td>\n<td width=\"200\">Kehl Mosquitos<\/td>\n<td width=\"10\">vs.<\/td>\n<td width=\"200\">Neuenburg Atomics<\/td>\n<td style=\"text-align:center\" width=\"40\">3-14<\/td>\n<td style=\"text-align:center\" width=\"40\"><\/td>\n<\/tr>\n<p><!-- Spiel 15 --><\/p>\n<tr style=\"background-color:#E5E5E5\">\n<td style=\"text-align:center\" width=\"50\">9.5.<\/td>\n<td width=\"200\">Herrenberg Wanderers<\/td>\n<td width=\"10\">vs.<\/td>\n<td width=\"200\">Kehl Mosquitos<\/td>\n<td style=\"text-align:center\" width=\"40\">16-15<\/td>\n<td style=\"text-align:center\" width=\"40\"><\/td>\n<\/tr>\n<p><!-- Spiel 14 --><\/p>\n<tr style=\"background-color:\">\n<td style=\"text-align:center\" width=\"50\">9.5.<\/td>\n<td width=\"200\">G\u00f6ppingen Green Sox<\/td>\n<td width=\"10\">vs.<\/td>\n<td width=\"200\">Villingendorf Cavemen<\/td>\n<td style=\"text-align:center\" width=\"40\">10-0<\/td>\n<td style=\"text-align:center\" width=\"40\"><\/td>\n<\/tr>\n<p><!-- Spiel 13 --><\/p>\n<tr style=\"background-color:#E5E5E5\">\n<td style=\"text-align:center\" width=\"50\">9.5.<\/td>\n<td width=\"200\">Bretten Kangaroos<\/td>\n<td width=\"10\">vs.<\/td>\n<td width=\"200\">Nagold Mohawks<\/td>\n<td style=\"text-align:center\" width=\"40\">0-5<\/td>\n<td style=\"text-align:center\" width=\"40\"><\/td>\n<\/tr>\n<p><!-- Spiel 12 --><\/p>\n<tr style=\"background-color:\">\n<td style=\"text-align:center\" width=\"50\">8.5.<\/td>\n<td width=\"200\">Sindelfingen Squirrels<\/td>\n<td width=\"10\">vs.<\/td>\n<td width=\"200\">Gammertingen Royals<\/td>\n<td style=\"text-align:center\" width=\"40\">14-4<\/td>\n<td style=\"text-align:center\" width=\"40\"><\/td>\n<\/tr>\n<p><!-- Spiel 11 --><\/p>\n<tr style=\"background-color:#E5E5E5\">\n<td style=\"text-align:center\" width=\"50\">8.5.<\/td>\n<td width=\"200\">Neuenburg Atomics 2<\/td>\n<td width=\"10\">vs.<\/td>\n<td width=\"200\"><strong>Ulm Falcons<\/strong><\/td>\n<td style=\"text-align:center\" width=\"40\">6-12<\/td>\n<td style=\"text-align:center\" width=\"40\"><\/td>\n<\/tr>\n<p><!-- Spiel 10 --><\/p>\n<tr style=\"background-color:\">\n<td style=\"text-align:center\" width=\"50\">2.5.<\/td>\n<td width=\"200\">Villingendorf Cavemen<\/td>\n<td width=\"10\">vs.<\/td>\n<td width=\"200\">Neuenburg Atomics<\/td>\n<td style=\"text-align:center\" width=\"40\">15-13<\/td>\n<td style=\"text-align:center\" width=\"40\"><\/td>\n<\/tr>\n<p><!-- Spiel 9 --><\/p>\n<tr style=\"background-color:#E5E5E5\">\n<td style=\"text-align:center\" width=\"50\">2.5.<\/td>\n<td width=\"200\">Sindelfingen Squirrels<\/td>\n<td width=\"10\">vs.<\/td>\n<td width=\"200\">G\u00f6ppingen Green Sox<\/td>\n<td style=\"text-align:center\" width=\"40\">8-16<\/td>\n<td style=\"text-align:center\" width=\"40\"><\/td>\n<\/tr>\n<p><!-- Spiel 8 --><\/p>\n<tr style=\"background-color:\">\n<td style=\"text-align:center\" width=\"50\">2.5.<\/td>\n<td width=\"200\">Nagold Mohawks<\/td>\n<td width=\"10\">vs.<\/td>\n<td width=\"200\"><strong>Ulm Falcons<\/strong><\/td>\n<td style=\"text-align:center\" width=\"40\">8-9<\/td>\n<td style=\"text-align:center\" width=\"40\"><\/td>\n<\/tr>\n<p><!-- Spiel 7 --><\/p>\n<tr style=\"background-color:#E5E5E5\">\n<td style=\"text-align:center\" width=\"50\">2.5.<\/td>\n<td width=\"200\">Herrenberg Wanderers<\/td>\n<td width=\"10\">vs.<\/td>\n<td width=\"200\">Gammertingen Royals<\/td>\n<td style=\"text-align:center\" width=\"40\">9-7<\/td>\n<td style=\"text-align:center\" width=\"40\"><\/td>\n<\/tr>\n<p><!-- Spiel 6 --><\/p>\n<tr style=\"background-color:\">\n<td style=\"text-align:center\" width=\"50\">1.5.<\/td>\n<td width=\"200\">Kehl Mosquitos<\/td>\n<td width=\"10\">vs.<\/td>\n<td width=\"200\">Bretten Kangaroos<\/td>\n<td style=\"text-align:center\" width=\"40\">7-6<\/td>\n<td style=\"text-align:center\" width=\"40\"><\/td>\n<\/tr>\n<p><!-- Spiel 5 --><\/p>\n<tr style=\"background-color:#E5E5E5\">\n<td style=\"text-align:center\" width=\"50\">25.4.<\/td>\n<td width=\"200\"><strong>Ulm Falcons<\/strong><\/td>\n<td width=\"10\">vs.<\/td>\n<td width=\"200\">Villingendorf Cavemen<\/td>\n<td style=\"text-align:center\" width=\"40\">13-0<\/td>\n<td style=\"text-align:center\" width=\"40\"><\/td>\n<\/tr>\n<p><!-- Spiel 4 --><\/p>\n<tr style=\"background-color:\">\n<td style=\"text-align:center\" width=\"50\">25.4.<\/td>\n<td width=\"200\">G\u00f6ppingen Green Sox<\/td>\n<td width=\"10\">vs.<\/td>\n<td width=\"200\">Herrenberg Wanderers<\/td>\n<td style=\"text-align:center\" width=\"40\">9-6<\/td>\n<td style=\"text-align:center\" width=\"40\"><\/td>\n<\/tr>\n<p><!-- Spiel 3 --><\/p>\n<tr style=\"background-color:#E5E5E5\">\n<td style=\"text-align:center\" width=\"50\">25.4.<\/td>\n<td width=\"200\">Bretten Kangaroos<\/td>\n<td width=\"10\">vs.<\/td>\n<td width=\"200\">Gammertingen Royals<\/td>\n<td style=\"text-align:center\" width=\"40\">8-28<\/td>\n<td style=\"text-align:center\" width=\"40\"><\/td>\n<\/tr>\n<p><!-- Spiel 2 --><\/p>\n<tr style=\"background-color:\">\n<td style=\"text-align:center\" width=\"50\">24.4.<\/td>\n<td width=\"200\">Neuenburg Atomics<\/td>\n<td width=\"10\">vs.<\/td>\n<td width=\"200\">Sindelfingen Squirrels<\/td>\n<td style=\"text-align:center\" width=\"40\">12-7<\/td>\n<td style=\"text-align:center\" width=\"40\"><\/td>\n<\/tr>\n<p><!-- Spiel 1 --><\/p>\n<tr style=\"background-color:#E5E5E5\">\n<td style=\"text-align:center\" width=\"50\">24.4.<\/td>\n<td width=\"200\">Kehl Mosquitos<\/td>\n<td width=\"10\">vs.<\/td>\n<td width=\"200\">Nagold Mohawks<\/td>\n<td style=\"text-align:center\" width=\"40\">9-5<\/td>\n<td style=\"text-align:center\" width=\"40\"><\/td>\n<\/tr>\n<\/tbody>\n<\/table>\n","protected":false},"excerpt":{"rendered":"<p>Tabellen und Ergebnisse f\u00fcr Verbandsliga Baden-W\u00fcrttemberg Saison 2010 Tabelle Rank Team G V 1 G\u00f6ppingen Green Sox 5 1 2 Herrenberg Wanderers 5 1 3 Neuenburg Atomics 2 4 2 4 Sindelfingen Squirrels 4 2 5 Ulm Falcons 3 2 &hellip; <a href=\"http:\/\/www.baseball-zone.de\/?page_id=1204\">Weiterlesen <span class=\"meta-nav\">&rarr;<\/span><\/a><\/p>\n","protected":false},"author":2,"featured_media":0,"parent":806,"menu_order":4,"comment_status":"closed","ping_status":"open","template":"","meta":{"jetpack_post_was_ever_published":false},"jetpack_sharing_enabled":true,"jetpack_shortlink":"https:\/\/wp.me\/PhQOQ-jq","_links":{"self":[{"href":"http:\/\/www.baseball-zone.de\/index.php?rest_route=\/wp\/v2\/pages\/1204"}],"collection":[{"href":"http:\/\/www.baseball-zone.de\/index.php?rest_route=\/wp\/v2\/pages"}],"about":[{"href":"http:\/\/www.baseball-zone.de\/index.php?rest_route=\/wp\/v2\/types\/page"}],"author":[{"embeddable":true,"href":"http:\/\/www.baseball-zone.de\/index.php?rest_route=\/wp\/v2\/users\/2"}],"replies":[{"embeddable":true,"href":"http:\/\/www.baseball-zone.de\/index.php?rest_route=%2Fwp%2Fv2%2Fcomments&post=1204"}],"version-history":[{"count":56,"href":"http:\/\/www.baseball-zone.de\/index.php?rest_route=\/wp\/v2\/pages\/1204\/revisions"}],"predecessor-version":[{"id":2456,"href":"http:\/\/www.baseball-zone.de\/index.php?rest_route=\/wp\/v2\/pages\/1204\/revisions\/2456"}],"up":[{"embeddable":true,"href":"http:\/\/www.baseball-zone.de\/index.php?rest_route=\/wp\/v2\/pages\/806"}],"wp:attachment":[{"href":"http:\/\/www.baseball-zone.de\/index.php?rest_route=%2Fwp%2Fv2%2Fmedia&parent=1204"}],"curies":[{"name":"wp","href":"https:\/\/api.w.org\/{rel}","templated":true}]}}