{"id":1202,"date":"2009-03-12T16:23:40","date_gmt":"2009-03-12T15:23:40","guid":{"rendered":"http:\/\/www.baseball-zone.de\/?page_id=1202"},"modified":"2018-05-05T23:04:23","modified_gmt":"2018-05-05T22:04:23","slug":"2-bundesliga-sud","status":"publish","type":"page","link":"http:\/\/www.baseball-zone.de\/?page_id=1202","title":{"rendered":"2. Bundesliga S\u00fcd"},"content":{"rendered":"<p><strong>Ergebnisse und Tabellen<\/strong> f\u00fcr 2. Bundesliga S\u00fcd 2010<\/p>\n<p><strong>Tabelle 2010<\/strong><\/p>\n<table border=\"0\"><!-- Header --><\/p>\n<tbody>\n<tr style=\"background-color:#117722\">\n<td style=\"text-align:center\" width=\"40\"><strong>Rank<\/strong><\/td>\n<td width=\"300\"><strong>Team<\/strong><\/td>\n<td style=\"text-align:center\" width=\"40\"><strong>G<\/strong><\/td>\n<td style=\"text-align:center\" width=\"40\"><strong>V<\/strong><\/td>\n<\/tr>\n<p><!-- Rank 1 --><\/p>\n<tr style=\"background-color:#E5E5E5\">\n<td style=\"text-align:center\" width=\"40\">1<\/td>\n<td width=\"300\">Mainz Athletics 2<\/td>\n<td style=\"text-align:center\" width=\"40\">9<\/td>\n<td style=\"text-align:center\" width=\"40\">1<\/td>\n<\/tr>\n<p><!-- Rank 2 --><\/p>\n<tr style=\"background-color:\">\n<td style=\"text-align:center\" width=\"40\">2<\/td>\n<td width=\"300\">Ladenburg Romans<\/td>\n<td style=\"text-align:center\" width=\"40\">6<\/td>\n<td style=\"text-align:center\" width=\"40\">2<\/td>\n<\/tr>\n<p><!-- Rank 3 --><\/p>\n<tr style=\"background-color:#E5E5E5\">\n<td style=\"text-align:center\" width=\"40\">3<\/td>\n<td width=\"300\"><strong>Heidenheim Heidek\u00f6pfe 2<\/strong><\/td>\n<td style=\"text-align:center\" width=\"40\">5<\/td>\n<td style=\"text-align:center\" width=\"40\">5<\/td>\n<\/tr>\n<p><!-- Rank 4 --><\/p>\n<tr style=\"background-color:\">\n<td style=\"text-align:center\" width=\"40\">4<\/td>\n<td width=\"300\">Darmstadt Whippets<\/td>\n<td style=\"text-align:center\" width=\"40\">5<\/td>\n<td style=\"text-align:center\" width=\"40\">5<\/td>\n<\/tr>\n<p><!-- Rank 5 --><\/p>\n<tr style=\"background-color:#E5E5E5\">\n<td style=\"text-align:center\" width=\"40\">5<\/td>\n<td width=\"300\">Bad Homburg Hornets<\/td>\n<td style=\"text-align:center\" width=\"40\">4<\/td>\n<td style=\"text-align:center\" width=\"40\">4<\/td>\n<\/tr>\n<p><!-- Rank 6 --><\/p>\n<tr style=\"background-color:\">\n<td style=\"text-align:center\" width=\"40\">6<\/td>\n<td width=\"300\">Buchbinder Legion\u00e4re 2<\/td>\n<td style=\"text-align:center\" width=\"40\">4<\/td>\n<td style=\"text-align:center\" width=\"40\">6<\/td>\n<\/tr>\n<p><!-- Rank 7 --><\/p>\n<tr style=\"background-color:#E5E5E5\">\n<td style=\"text-align:center\" width=\"40\">7<\/td>\n<td width=\"300\">Karlsruhe Cougars<\/td>\n<td style=\"text-align:center\" width=\"40\">3<\/td>\n<td style=\"text-align:center\" width=\"40\">7<\/td>\n<\/tr>\n<p><!-- Rank 8 --><\/p>\n<tr style=\"background-color:\">\n<td style=\"text-align:center\" width=\"40\">8<\/td>\n<td width=\"300\">Freising Grizzlies<\/td>\n<td style=\"text-align:center\" width=\"40\">2<\/td>\n<td style=\"text-align:center\" width=\"40\">8<\/td>\n<\/tr>\n<\/tbody>\n<\/table>\n<p><strong>Ergebnisse 2010 (neueste immer oben)<\/strong><\/p>\n<table border=\"0\"><!-- Header --><\/p>\n<tbody>\n<tr style=\"background-color:#117722\">\n<td style=\"text-align:center\" width=\"50\"><strong>Date<\/strong><\/td>\n<td width=\"200\"><strong>Home<\/strong><\/td>\n<td width=\"10\"><strong> <\/strong><\/td>\n<td width=\"200\"><strong>Guest<\/strong><\/td>\n<td style=\"text-align:center\" width=\"40\"><strong>G 1<\/strong><\/td>\n<td style=\"text-align:center\" width=\"40\"><strong>G 2<\/strong><\/td>\n<\/tr>\n<p><!-- Spiel 50 --><\/p>\n<tr style=\"background-color:\">\n<td style=\"text-align:center\" width=\"50\"><\/td>\n<td width=\"200\"><\/td>\n<td width=\"10\">vs.<\/td>\n<td width=\"200\"><\/td>\n<td style=\"text-align:center\" width=\"40\"><\/td>\n<td style=\"text-align:center\" width=\"40\"><\/td>\n<\/tr>\n<p><!-- Spiel 49 --><\/p>\n<tr style=\"background-color:#E5E5E5\">\n<td style=\"text-align:center\" width=\"50\"><\/td>\n<td width=\"200\"><\/td>\n<td width=\"10\">vs.<\/td>\n<td width=\"200\"><\/td>\n<td style=\"text-align:center\" width=\"40\"><\/td>\n<td style=\"text-align:center\" width=\"40\"><\/td>\n<\/tr>\n<p><!-- Spiel 48 --><\/p>\n<tr style=\"background-color:\">\n<td style=\"text-align:center\" width=\"50\"><\/td>\n<td width=\"200\"><\/td>\n<td width=\"10\">vs.<\/td>\n<td width=\"200\"><\/td>\n<td style=\"text-align:center\" width=\"40\"><\/td>\n<td style=\"text-align:center\" width=\"40\"><\/td>\n<\/tr>\n<p><!-- Spiel 47 --><\/p>\n<tr style=\"background-color:#E5E5E5\">\n<td style=\"text-align:center\" width=\"50\"><\/td>\n<td width=\"200\"><\/td>\n<td width=\"10\">vs.<\/td>\n<td width=\"200\"><\/td>\n<td style=\"text-align:center\" width=\"40\"><\/td>\n<td style=\"text-align:center\" width=\"40\"><\/td>\n<\/tr>\n<p><!-- Spiel 46 --><\/p>\n<tr style=\"background-color:\">\n<td style=\"text-align:center\" width=\"50\"><\/td>\n<td width=\"200\"><\/td>\n<td width=\"10\">vs.<\/td>\n<td width=\"200\"><\/td>\n<td style=\"text-align:center\" width=\"40\"><\/td>\n<td style=\"text-align:center\" width=\"40\"><\/td>\n<\/tr>\n<p><!-- Spiel 45 --><\/p>\n<tr style=\"background-color:#E5E5E5\">\n<td style=\"text-align:center\" width=\"50\"><\/td>\n<td width=\"200\"><\/td>\n<td width=\"10\">vs.<\/td>\n<td width=\"200\"><\/td>\n<td style=\"text-align:center\" width=\"40\"><\/td>\n<td style=\"text-align:center\" width=\"40\"><\/td>\n<\/tr>\n<p><!-- Spiel 44 --><\/p>\n<tr style=\"background-color:\">\n<td style=\"text-align:center\" width=\"50\"><\/td>\n<td width=\"200\"><\/td>\n<td width=\"10\">vs.<\/td>\n<td width=\"200\"><\/td>\n<td style=\"text-align:center\" width=\"40\"><\/td>\n<td style=\"text-align:center\" width=\"40\"><\/td>\n<\/tr>\n<p><!-- Spiel 43 --><\/p>\n<tr style=\"background-color:#E5E5E5\">\n<td style=\"text-align:center\" width=\"50\"><\/td>\n<td width=\"200\"><\/td>\n<td width=\"10\">vs.<\/td>\n<td width=\"200\"><\/td>\n<td style=\"text-align:center\" width=\"40\"><\/td>\n<td style=\"text-align:center\" width=\"40\"><\/td>\n<\/tr>\n<p><!-- Spiel 42 --><\/p>\n<tr style=\"background-color:\">\n<td style=\"text-align:center\" width=\"50\"><\/td>\n<td width=\"200\"><\/td>\n<td width=\"10\">vs.<\/td>\n<td width=\"200\"><\/td>\n<td style=\"text-align:center\" width=\"40\"><\/td>\n<td style=\"text-align:center\" width=\"40\"><\/td>\n<\/tr>\n<p><!-- Spiel 41 --><\/p>\n<tr style=\"background-color:#E5E5E5\">\n<td style=\"text-align:center\" width=\"50\"><\/td>\n<td width=\"200\"><\/td>\n<td width=\"10\">vs.<\/td>\n<td width=\"200\"><\/td>\n<td style=\"text-align:center\" width=\"40\"><\/td>\n<td style=\"text-align:center\" width=\"40\"><\/td>\n<\/tr>\n<p><!-- Spiel 40 --><\/p>\n<tr style=\"background-color:\">\n<td style=\"text-align:center\" width=\"50\"><\/td>\n<td width=\"200\"><\/td>\n<td width=\"10\">vs.<\/td>\n<td width=\"200\"><\/td>\n<td style=\"text-align:center\" width=\"40\"><\/td>\n<td style=\"text-align:center\" width=\"40\"><\/td>\n<\/tr>\n<p><!-- Spiel 39 --><\/p>\n<tr style=\"background-color:#E5E5E5\">\n<td style=\"text-align:center\" width=\"50\"><\/td>\n<td width=\"200\"><\/td>\n<td width=\"10\">vs.<\/td>\n<td width=\"200\"><\/td>\n<td style=\"text-align:center\" width=\"40\"><\/td>\n<td style=\"text-align:center\" width=\"40\"><\/td>\n<\/tr>\n<p><!-- Spiel 38 --><\/p>\n<tr style=\"background-color:\">\n<td style=\"text-align:center\" width=\"50\"><\/td>\n<td width=\"200\"><\/td>\n<td width=\"10\">vs.<\/td>\n<td width=\"200\"><\/td>\n<td style=\"text-align:center\" width=\"40\"><\/td>\n<td style=\"text-align:center\" width=\"40\"><\/td>\n<\/tr>\n<p><!-- Spiel 37 --><\/p>\n<tr style=\"background-color:#E5E5E5\">\n<td style=\"text-align:center\" width=\"50\">.<\/td>\n<td width=\"200\"><\/td>\n<td width=\"10\">vs.<\/td>\n<td width=\"200\"><\/td>\n<td style=\"text-align:center\" width=\"40\"><\/td>\n<td style=\"text-align:center\" width=\"40\"><\/td>\n<\/tr>\n<p><!-- Spiel 36 --><\/p>\n<tr style=\"background-color:\">\n<td style=\"text-align:center\" width=\"50\"><\/td>\n<td width=\"200\"><\/td>\n<td width=\"10\">vs.<\/td>\n<td width=\"200\"><\/td>\n<td style=\"text-align:center\" width=\"40\"><\/td>\n<td style=\"text-align:center\" width=\"40\"><\/td>\n<\/tr>\n<p><!-- Spiel 35 --><\/p>\n<tr style=\"background-color:#E5E5E5\">\n<td style=\"text-align:center\" width=\"50\"><\/td>\n<td width=\"200\"><\/td>\n<td width=\"10\">vs.<\/td>\n<td width=\"200\"><\/td>\n<td style=\"text-align:center\" width=\"40\"><\/td>\n<td style=\"text-align:center\" width=\"40\"><\/td>\n<\/tr>\n<p><!-- Spiel 34 --><\/p>\n<tr style=\"background-color:\">\n<td style=\"text-align:center\" width=\"50\"><\/td>\n<td width=\"200\"><\/td>\n<td width=\"10\">vs.<\/td>\n<td width=\"200\"><\/td>\n<td style=\"text-align:center\" width=\"40\"><\/td>\n<td style=\"text-align:center\" width=\"40\"><\/td>\n<\/tr>\n<p><!-- Spiel 33 --><\/p>\n<tr style=\"background-color:#E5E5E5\">\n<td style=\"text-align:center\" width=\"50\"><\/td>\n<td width=\"200\"><\/td>\n<td width=\"10\">vs.<\/td>\n<td width=\"200\"><\/td>\n<td style=\"text-align:center\" width=\"40\"><\/td>\n<td style=\"text-align:center\" width=\"40\"><\/td>\n<\/tr>\n<p><!-- Spiel 32 --><\/p>\n<tr style=\"background-color:\">\n<td style=\"text-align:center\" width=\"50\"><\/td>\n<td width=\"200\"><\/td>\n<td width=\"10\">vs.<\/td>\n<td width=\"200\"><\/td>\n<td style=\"text-align:center\" width=\"40\"><\/td>\n<td style=\"text-align:center\" width=\"40\"><\/td>\n<\/tr>\n<p><!-- Spiel 31 --><\/p>\n<tr style=\"background-color:#E5E5E5\">\n<td style=\"text-align:center\" width=\"50\"><\/td>\n<td width=\"200\"><\/td>\n<td width=\"10\">vs.<\/td>\n<td width=\"200\"><\/td>\n<td style=\"text-align:center\" width=\"40\"><\/td>\n<td style=\"text-align:center\" width=\"40\"><\/td>\n<\/tr>\n<p><!-- Spiel 30 --><\/p>\n<tr style=\"background-color:\">\n<td style=\"text-align:center\" width=\"50\"><\/td>\n<td width=\"200\"><\/td>\n<td width=\"10\">vs.<\/td>\n<td width=\"200\"><\/td>\n<td style=\"text-align:center\" width=\"40\"><\/td>\n<td style=\"text-align:center\" width=\"40\"><\/td>\n<\/tr>\n<p><!-- Spiel 29 --><\/p>\n<tr style=\"background-color:#E5E5E5\">\n<td style=\"text-align:center\" width=\"50\"><\/td>\n<td width=\"200\"><\/td>\n<td width=\"10\">vs.<\/td>\n<td width=\"200\"><\/td>\n<td style=\"text-align:center\" width=\"40\"><\/td>\n<td style=\"text-align:center\" width=\"40\"><\/td>\n<\/tr>\n<p><!-- Spiel 28 --><\/p>\n<tr style=\"background-color:\">\n<td style=\"text-align:center\" width=\"50\"><\/td>\n<td width=\"200\"><\/td>\n<td width=\"10\">vs.<\/td>\n<td width=\"200\"><\/td>\n<td style=\"text-align:center\" width=\"40\"><\/td>\n<td style=\"text-align:center\" width=\"40\"><\/td>\n<\/tr>\n<p><!-- Spiel 27 --><\/p>\n<tr style=\"background-color:#E5E5E5\">\n<td style=\"text-align:center\" width=\"50\"><\/td>\n<td width=\"200\"><\/td>\n<td width=\"10\">vs.<\/td>\n<td width=\"200\"><\/td>\n<td style=\"text-align:center\" width=\"40\"><\/td>\n<td style=\"text-align:center\" width=\"40\"><\/td>\n<\/tr>\n<p><!-- Spiel 26 --><\/p>\n<tr style=\"background-color:\">\n<td style=\"text-align:center\" width=\"50\"><\/td>\n<td width=\"200\"><\/td>\n<td width=\"10\">vs.<\/td>\n<td width=\"200\"><\/td>\n<td style=\"text-align:center\" width=\"40\"><\/td>\n<td style=\"text-align:center\" width=\"40\"><\/td>\n<\/tr>\n<p><!-- Spiel 25 --><\/p>\n<tr style=\"background-color:#E5E5E5\">\n<td style=\"text-align:center\" width=\"50\"><\/td>\n<td width=\"200\"><\/td>\n<td width=\"10\">vs.<\/td>\n<td width=\"200\"><\/td>\n<td style=\"text-align:center\" width=\"40\"><\/td>\n<td style=\"text-align:center\" width=\"40\"><\/td>\n<\/tr>\n<p><!-- Spiel 24 --><\/p>\n<tr style=\"background-color:\">\n<td style=\"text-align:center\" width=\"50\"><\/td>\n<td width=\"200\"><\/td>\n<td width=\"10\">vs.<\/td>\n<td width=\"200\"><\/td>\n<td style=\"text-align:center\" width=\"40\"><\/td>\n<td style=\"text-align:center\" width=\"40\"><\/td>\n<\/tr>\n<p><!-- Spiel 23 --><\/p>\n<tr style=\"background-color:#E5E5E5\">\n<td style=\"text-align:center\" width=\"50\"><\/td>\n<td width=\"200\"><\/td>\n<td width=\"10\">vs.<\/td>\n<td width=\"200\"><\/td>\n<td style=\"text-align:center\" width=\"40\"><\/td>\n<td style=\"text-align:center\" width=\"40\"><\/td>\n<\/tr>\n<p><!-- Spiel 22 --><\/p>\n<tr style=\"background-color:\">\n<td style=\"text-align:center\" width=\"50\"><\/td>\n<td width=\"200\"><\/td>\n<td width=\"10\">vs.<\/td>\n<td width=\"200\"><\/td>\n<td style=\"text-align:center\" width=\"40\"><\/td>\n<td style=\"text-align:center\" width=\"40\"><\/td>\n<\/tr>\n<p><!-- Spiel 21 --><\/p>\n<tr style=\"background-color:#E5E5E5\">\n<td style=\"text-align:center\" width=\"50\"><\/td>\n<td width=\"200\"><\/td>\n<td width=\"10\">vs.<\/td>\n<td width=\"200\"><\/td>\n<td style=\"text-align:center\" width=\"40\"><\/td>\n<td style=\"text-align:center\" width=\"40\"><\/td>\n<\/tr>\n<p><!-- Spiel 20 --><\/p>\n<tr style=\"background-color:\">\n<td style=\"text-align:center\" width=\"50\"><\/td>\n<td width=\"200\"><\/td>\n<td width=\"10\">vs.<\/td>\n<td width=\"200\"><\/td>\n<td style=\"text-align:center\" width=\"40\"><\/td>\n<td style=\"text-align:center\" width=\"40\"><\/td>\n<\/tr>\n<p><!-- Spiel 19 --><\/p>\n<tr style=\"background-color:#E5E5E5\">\n<td style=\"text-align:center\" width=\"50\">6.5.<\/td>\n<td width=\"200\">Freising Grizzlies<\/td>\n<td width=\"10\">vs.<\/td>\n<td width=\"200\">Ladenburg Romans<\/td>\n<td style=\"text-align:center\" width=\"40\">1-2<\/td>\n<td style=\"text-align:center\" width=\"40\">4-10<\/td>\n<\/tr>\n<p><!-- Spiel 18 --><\/p>\n<tr style=\"background-color:\">\n<td style=\"text-align:center\" width=\"50\">5.6.<\/td>\n<td width=\"200\">Heidenheim Heidek\u00f6pfe 2<\/td>\n<td width=\"10\">vs.<\/td>\n<td width=\"200\">Darmstadt Whippets<\/td>\n<td style=\"text-align:center\" width=\"40\">1-11<\/td>\n<td style=\"text-align:center\" width=\"40\">6-9<\/td>\n<\/tr>\n<p><!-- Spiel 17 --><\/p>\n<tr style=\"background-color:#E5E5E5\">\n<td style=\"text-align:center\" width=\"50\">5.6.<\/td>\n<td width=\"200\">Bad Homburg Hornets<\/td>\n<td width=\"10\">vs.<\/td>\n<td width=\"200\">Karlsruhe Cougars<\/td>\n<td style=\"text-align:center\" width=\"40\">5-4<\/td>\n<td style=\"text-align:center\" width=\"40\">8-7<\/td>\n<\/tr>\n<p><!-- Spiel 16 --><\/p>\n<tr style=\"background-color:\">\n<td style=\"text-align:center\" width=\"50\">5.6.<\/td>\n<td width=\"200\">Buchbinder Legion\u00e4re 2<\/td>\n<td width=\"10\">vs.<\/td>\n<td width=\"200\">Mainz Athletics 2<\/td>\n<td style=\"text-align:center\" width=\"40\">3-8<\/td>\n<td style=\"text-align:center\" width=\"40\">11-12<\/td>\n<\/tr>\n<p><!-- Spiel 15 --><\/p>\n<tr style=\"background-color:#E5E5E5\">\n<td style=\"text-align:center\" width=\"50\">30.5.<\/td>\n<td width=\"200\">Karslruhe Cougars<\/td>\n<td width=\"10\">vs.<\/td>\n<td width=\"200\"><strong>Heidenheim Heidek\u00f6pfe 2<\/strong><\/td>\n<td style=\"text-align:center\" width=\"40\">0-5<\/td>\n<td style=\"text-align:center\" width=\"40\">0-11<\/td>\n<\/tr>\n<p><!-- Spiel 14 --><\/p>\n<tr style=\"background-color:\">\n<td style=\"text-align:center\" width=\"50\">30.5.<\/td>\n<td width=\"200\">Buchbinder Legion\u00e4re 2<\/td>\n<td width=\"10\">vs.<\/td>\n<td width=\"200\">Darmstadt Whippets<\/td>\n<td style=\"text-align:center\" width=\"40\">16-5<\/td>\n<td style=\"text-align:center\" width=\"40\">14-13<\/td>\n<\/tr>\n<p><!-- Spiel 13 --><\/p>\n<tr style=\"background-color:#E5E5E5\">\n<td style=\"text-align:center\" width=\"50\">16.5.<\/td>\n<td width=\"200\">Darmstadt Whippets<\/td>\n<td width=\"10\">vs.<\/td>\n<td width=\"200\">Mainz Athletics 2<\/td>\n<td style=\"text-align:center\" width=\"40\">3-7<\/td>\n<td style=\"text-align:center\" width=\"40\">0-12<\/td>\n<\/tr>\n<p><!-- Spiel 12 --><\/p>\n<tr style=\"background-color:\">\n<td style=\"text-align:center\" width=\"50\">16.5.<\/td>\n<td width=\"200\">Ladenburg Romans<\/td>\n<td width=\"10\">vs.<\/td>\n<td width=\"200\">Buchbinder Legion\u00e4re 2<\/td>\n<td style=\"text-align:center\" width=\"40\">5-3<\/td>\n<td style=\"text-align:center\" width=\"40\">6-5<\/td>\n<\/tr>\n<p><!-- Spiel 11 --><\/p>\n<tr style=\"background-color:#E5E5E5\">\n<td style=\"text-align:center\" width=\"50\">15.5.<\/td>\n<td width=\"200\">Freising Grizzlies<\/td>\n<td width=\"10\">vs.<\/td>\n<td width=\"200\">Bad Homburg Hornets<\/td>\n<td style=\"text-align:center\" width=\"40\">2-3<\/td>\n<td style=\"text-align:center\" width=\"40\">11-4<\/td>\n<\/tr>\n<p><!-- Spiel 10 --><\/p>\n<tr style=\"background-color:\">\n<td style=\"text-align:center\" width=\"50\">8.5.<\/td>\n<td width=\"200\"><strong>Heidenheim Heidek\u00f6pfe 2<\/strong><\/td>\n<td width=\"10\">vs.<\/td>\n<td width=\"200\">Freising Grizzlies<\/td>\n<td style=\"text-align:center\" width=\"40\">6-5<\/td>\n<td style=\"text-align:center\" width=\"40\">3-8<\/td>\n<\/tr>\n<p><!-- Spiel 9 --><\/p>\n<tr style=\"background-color:#E5E5E5\">\n<td style=\"text-align:center\" width=\"50\">8.5.<\/td>\n<td width=\"200\">Mainz Athletics 2<\/td>\n<td width=\"10\">vs.<\/td>\n<td width=\"200\">Karlsruhe Cougars<\/td>\n<td style=\"text-align:center\" width=\"40\">5-0<\/td>\n<td style=\"text-align:center\" width=\"40\">6-0<\/td>\n<\/tr>\n<p><!-- Spiel 8 --><\/p>\n<tr style=\"background-color:\">\n<td style=\"text-align:center\" width=\"50\">2.5.<\/td>\n<td width=\"200\">Karlsruhe Cougars<\/td>\n<td width=\"10\">vs.<\/td>\n<td width=\"200\">Darmstadt Whippets<\/td>\n<td style=\"text-align:center\" width=\"40\">5-4<\/td>\n<td style=\"text-align:center\" width=\"40\">5-12<\/td>\n<\/tr>\n<p><!-- Spiel 7 --><\/p>\n<tr style=\"background-color:#E5E5E5\">\n<td style=\"text-align:center\" width=\"50\">2.5.<\/td>\n<td width=\"200\">Bad Homburg Hornets<\/td>\n<td width=\"10\">vs.<\/td>\n<td width=\"200\">Buchbinder Legion\u00e4re 2<\/td>\n<td style=\"text-align:center\" width=\"40\">8-24<\/td>\n<td style=\"text-align:center\" width=\"40\">5-19<\/td>\n<\/tr>\n<p><!-- Spiel 6 --><\/p>\n<tr style=\"background-color:\">\n<td style=\"text-align:center\" width=\"50\">1.5.<\/td>\n<td width=\"200\">Ladenburg Romans<\/td>\n<td width=\"10\">vs.<\/td>\n<td width=\"200\"><strong>Heidenheim Heidek\u00f6pfe 2<\/strong><\/td>\n<td style=\"text-align:center\" width=\"40\">7-2<\/td>\n<td style=\"text-align:center\" width=\"40\">13-14<\/td>\n<\/tr>\n<p><!-- Spiel 5 --><\/p>\n<tr style=\"background-color:#E5E5E5\">\n<td style=\"text-align:center\" width=\"50\">1.5.<\/td>\n<td width=\"200\">Freising Grizzlies<\/td>\n<td width=\"10\">vs.<\/td>\n<td width=\"200\">Mainz Athletics 2<\/td>\n<td style=\"text-align:center\" width=\"40\">0-8<\/td>\n<td style=\"text-align:center\" width=\"40\">0-13<\/td>\n<\/tr>\n<p><!-- Spiel 4 --><\/p>\n<tr style=\"background-color:\">\n<td style=\"text-align:center\" width=\"50\">25.4.<\/td>\n<td width=\"200\">Karlsruhe Cougars<\/td>\n<td width=\"10\">vs.<\/td>\n<td width=\"200\">Buchbinder Legion\u00e4re 2<\/td>\n<td style=\"text-align:center\" width=\"40\">2-1<\/td>\n<td style=\"text-align:center\" width=\"40\">5-3<\/td>\n<\/tr>\n<p><!-- Spiel 3 --><\/p>\n<tr style=\"background-color:#E5E5E5\">\n<td style=\"text-align:center\" width=\"50\">25.4.<\/td>\n<td width=\"200\">Mainz Athletics 2<\/td>\n<td width=\"10\">vs.<\/td>\n<td width=\"200\"><strong>Ladenburg Romans<\/strong><\/td>\n<td style=\"text-align:center\" width=\"40\">4-2<\/td>\n<td style=\"text-align:center\" width=\"40\">7-8<\/td>\n<\/tr>\n<p><!-- Spiel 2 --><\/p>\n<tr style=\"background-color:\">\n<td style=\"text-align:center\" width=\"50\">24.4.<\/td>\n<td width=\"200\"><strong>Heidenheim Heidek\u00f6pfe 2<\/strong><\/td>\n<td width=\"10\">vs.<\/td>\n<td width=\"200\">Bad Homburg Hornets<\/td>\n<td style=\"text-align:center\" width=\"40\">1-8<\/td>\n<td style=\"text-align:center\" width=\"40\">12-11<\/td>\n<\/tr>\n<p><!-- Spiel 1 --><\/p>\n<tr style=\"background-color:#E5E5E5\">\n<td style=\"text-align:center\" width=\"50\">24.4.<\/td>\n<td width=\"200\">Darmstadt Whippets<\/td>\n<td width=\"10\">vs.<\/td>\n<td width=\"200\">Freising Grizzlies<\/td>\n<td style=\"text-align:center\" width=\"40\">18-17<\/td>\n<td style=\"text-align:center\" width=\"40\">13-3<\/td>\n<\/tr>\n<\/tbody>\n<\/table>\n","protected":false},"excerpt":{"rendered":"<p>Ergebnisse und Tabellen f\u00fcr 2. Bundesliga S\u00fcd 2010 Tabelle 2010 Rank Team G V 1 Mainz Athletics 2 9 1 2 Ladenburg Romans 6 2 3 Heidenheim Heidek\u00f6pfe 2 5 5 4 Darmstadt Whippets 5 5 5 Bad Homburg Hornets &hellip; <a href=\"http:\/\/www.baseball-zone.de\/?page_id=1202\">Weiterlesen <span class=\"meta-nav\">&rarr;<\/span><\/a><\/p>\n","protected":false},"author":2,"featured_media":0,"parent":806,"menu_order":2,"comment_status":"closed","ping_status":"open","template":"","meta":{"jetpack_post_was_ever_published":false},"jetpack_sharing_enabled":true,"jetpack_shortlink":"https:\/\/wp.me\/PhQOQ-jo","_links":{"self":[{"href":"http:\/\/www.baseball-zone.de\/index.php?rest_route=\/wp\/v2\/pages\/1202"}],"collection":[{"href":"http:\/\/www.baseball-zone.de\/index.php?rest_route=\/wp\/v2\/pages"}],"about":[{"href":"http:\/\/www.baseball-zone.de\/index.php?rest_route=\/wp\/v2\/types\/page"}],"author":[{"embeddable":true,"href":"http:\/\/www.baseball-zone.de\/index.php?rest_route=\/wp\/v2\/users\/2"}],"replies":[{"embeddable":true,"href":"http:\/\/www.baseball-zone.de\/index.php?rest_route=%2Fwp%2Fv2%2Fcomments&post=1202"}],"version-history":[{"count":59,"href":"http:\/\/www.baseball-zone.de\/index.php?rest_route=\/wp\/v2\/pages\/1202\/revisions"}],"predecessor-version":[{"id":2454,"href":"http:\/\/www.baseball-zone.de\/index.php?rest_route=\/wp\/v2\/pages\/1202\/revisions\/2454"}],"up":[{"embeddable":true,"href":"http:\/\/www.baseball-zone.de\/index.php?rest_route=\/wp\/v2\/pages\/806"}],"wp:attachment":[{"href":"http:\/\/www.baseball-zone.de\/index.php?rest_route=%2Fwp%2Fv2%2Fmedia&parent=1202"}],"curies":[{"name":"wp","href":"https:\/\/api.w.org\/{rel}","templated":true}]}}