{"id":1197,"date":"2009-03-12T16:18:44","date_gmt":"2009-03-12T15:18:44","guid":{"rendered":"http:\/\/www.baseball-zone.de\/?page_id=1197"},"modified":"2018-05-05T23:04:23","modified_gmt":"2018-05-05T22:04:23","slug":"1-bundesliga-sud","status":"publish","type":"page","link":"http:\/\/www.baseball-zone.de\/?page_id=1197","title":{"rendered":"1. Bundesliga S\u00fcd"},"content":{"rendered":"<p><strong>Tabellen und Ergebnisse<\/strong> f\u00fcr 1. Bundesliga S\u00fcd Saison 2010<\/p>\n<p><strong>Tabelle 2010<\/strong><\/p>\n<table border=\"0\"><!-- Header --><\/p>\n<tbody>\n<tr style=\"background-color: #117722;\">\n<td style=\"text-align: center;\" width=\"40\"><strong>Rank<\/strong><\/td>\n<td width=\"300\"><strong>Team<\/strong><\/td>\n<td style=\"text-align: center;\" width=\"40\"><strong>G<\/strong><\/td>\n<td style=\"text-align: center;\" width=\"40\"><strong>V<\/strong><\/td>\n<\/tr>\n<p><!-- Rank 1 --><\/p>\n<tr style=\"background-color: #e5e5e5;\">\n<td style=\"text-align: center;\" width=\"40\">1<\/td>\n<td width=\"300\">Buchbinder Legion\u00e4re<\/td>\n<td style=\"text-align: center;\" width=\"40\">17<\/td>\n<td style=\"text-align: center;\" width=\"40\">1<\/td>\n<\/tr>\n<p><!-- Rank 2 --><\/p>\n<tr>\n<td style=\"text-align: center;\" width=\"40\">2<\/td>\n<td width=\"300\"><strong>Heidenheim Heidek\u00f6pfe<\/strong><\/td>\n<td style=\"text-align: center;\" width=\"40\">11<\/td>\n<td style=\"text-align: center;\" width=\"40\">3<\/td>\n<\/tr>\n<p><!-- Rank 3 --><\/p>\n<tr style=\"background-color: #e5e5e5;\">\n<td style=\"text-align: center;\" width=\"40\">3<\/td>\n<td width=\"300\">Haar Disciples<\/td>\n<td style=\"text-align: center;\" width=\"40\">8<\/td>\n<td style=\"text-align: center;\" width=\"40\">6<\/td>\n<\/tr>\n<p><!-- Rank 4 --><\/p>\n<tr>\n<td style=\"text-align: center;\" width=\"40\">4<\/td>\n<td width=\"300\">Gauting Indians<\/td>\n<td style=\"text-align: center;\" width=\"40\">8<\/td>\n<td style=\"text-align: center;\" width=\"40\">6<\/td>\n<\/tr>\n<p><!-- Rank 5 --><\/p>\n<tr style=\"background-color: #e5e5e5;\">\n<td style=\"text-align: center;\" width=\"40\">5<\/td>\n<td width=\"300\"><strong>Mannheim Tornados<\/strong><\/td>\n<td style=\"text-align: center;\" width=\"40\">8<\/td>\n<td style=\"text-align: center;\" width=\"40\">8<\/td>\n<\/tr>\n<p><!-- Rank 6 --><\/p>\n<tr>\n<td style=\"text-align: center;\" width=\"40\">6<\/td>\n<td width=\"300\">Saarlouis Hornets<\/td>\n<td style=\"text-align: center;\" width=\"40\">6<\/td>\n<td style=\"text-align: center;\" width=\"40\">11<\/td>\n<\/tr>\n<p><!-- Rank 7 --><\/p>\n<tr style=\"background-color: #e5e5e5;\">\n<td style=\"text-align: center;\" width=\"40\">7<\/td>\n<td width=\"300\">Mainz Athletics<\/td>\n<td style=\"text-align: center;\" width=\"40\">6<\/td>\n<td style=\"text-align: center;\" width=\"40\">11<\/td>\n<\/tr>\n<p><!-- Rank 8 --><\/p>\n<tr style=\"background-color: #e5e5e5;\">\n<td style=\"text-align: center;\" width=\"40\">8<\/td>\n<td width=\"300\">Neuenburg Atomics<\/td>\n<td style=\"text-align: center;\" width=\"40\">1<\/td>\n<td style=\"text-align: center;\" width=\"40\">19<\/td>\n<\/tr>\n<\/tbody>\n<\/table>\n<p><strong>Ergebnisse (neueste immer oben)<\/strong><\/p>\n<table border=\"0\"><!-- Header --><\/p>\n<tbody>\n<tr style=\"background-color: #117722;\">\n<td style=\"text-align: center;\" width=\"50\"><strong>Date<\/strong><\/td>\n<td width=\"200\"><strong>Home<\/strong><\/td>\n<td width=\"10\"><strong>\u00a0<\/strong><\/td>\n<td width=\"200\"><strong>Guest<\/strong><\/td>\n<td style=\"text-align: center;\" width=\"40\"><strong>G 1<\/strong><\/td>\n<td style=\"text-align: center;\" width=\"40\"><strong>G 2<\/strong><\/td>\n<\/tr>\n<p><!-- Spiel 42 --><\/p>\n<tr>\n<td style=\"text-align: center;\" width=\"50\">\u00a0<\/td>\n<td width=\"200\">\u00a0<\/td>\n<td width=\"10\">vs.<\/td>\n<td width=\"200\">\u00a0<\/td>\n<td style=\"text-align: center;\" width=\"40\">\u00a0<\/td>\n<td style=\"text-align: center;\" width=\"40\">\u00a0<\/td>\n<\/tr>\n<p><!-- Spiel 41 --><\/p>\n<tr style=\"background-color: #e5e5e5;\">\n<td style=\"text-align: center;\" width=\"50\">\u00a0<\/td>\n<td width=\"200\">\u00a0<\/td>\n<td width=\"10\">vs.<\/td>\n<td width=\"200\">\u00a0<\/td>\n<td style=\"text-align: center;\" width=\"40\">\u00a0<\/td>\n<td style=\"text-align: center;\" width=\"40\">\u00a0<\/td>\n<\/tr>\n<p><!-- Spiel 40 --><\/p>\n<tr>\n<td style=\"text-align: center;\" width=\"50\">\u00a0<\/td>\n<td width=\"200\">\u00a0<\/td>\n<td width=\"10\">vs.<\/td>\n<td width=\"200\">\u00a0<\/td>\n<td style=\"text-align: center;\" width=\"40\">\u00a0<\/td>\n<td style=\"text-align: center;\" width=\"40\">\u00a0<\/td>\n<\/tr>\n<p><!-- Spiel 39 --><\/p>\n<tr style=\"background-color: #e5e5e5;\">\n<td style=\"text-align: center;\" width=\"50\">\u00a0<\/td>\n<td width=\"200\">\u00a0<\/td>\n<td width=\"10\">vs.<\/td>\n<td width=\"200\">\u00a0<\/td>\n<td style=\"text-align: center;\" width=\"40\">\u00a0<\/td>\n<td style=\"text-align: center;\" width=\"40\">\u00a0<\/td>\n<\/tr>\n<p><!-- Spiel 38 --><\/p>\n<tr>\n<td style=\"text-align: center;\" width=\"50\">\u00a0<\/td>\n<td width=\"200\">\u00a0<\/td>\n<td width=\"10\">vs.<\/td>\n<td width=\"200\">\u00a0<\/td>\n<td style=\"text-align: center;\" width=\"40\">\u00a0<\/td>\n<td style=\"text-align: center;\" width=\"40\">\u00a0<\/td>\n<\/tr>\n<p><!-- Spiel 37 --><\/p>\n<tr style=\"background-color: #e5e5e5;\">\n<td style=\"text-align: center;\" width=\"50\">\u00a0<\/td>\n<td width=\"200\">\u00a0<\/td>\n<td width=\"10\">vs.<\/td>\n<td width=\"200\">\u00a0<\/td>\n<td style=\"text-align: center;\" width=\"40\">\u00a0<\/td>\n<td style=\"text-align: center;\" width=\"40\">\u00a0<\/td>\n<\/tr>\n<p><!-- Spiel 36 --><\/p>\n<tr>\n<td style=\"text-align: center;\" width=\"50\">\u00a0<\/td>\n<td width=\"200\">\u00a0<\/td>\n<td width=\"10\">vs.<\/td>\n<td width=\"200\">\u00a0<\/td>\n<td style=\"text-align: center;\" width=\"40\">\u00a0<\/td>\n<td style=\"text-align: center;\" width=\"40\">\u00a0<\/td>\n<\/tr>\n<p><!-- Spiel 35 --><\/p>\n<tr style=\"background-color: #e5e5e5;\">\n<td style=\"text-align: center;\" width=\"50\">\u00a0<\/td>\n<td width=\"200\">\u00a0<\/td>\n<td width=\"10\">vs.<\/td>\n<td width=\"200\">\u00a0<\/td>\n<td style=\"text-align: center;\" width=\"40\">\u00a0<\/td>\n<td style=\"text-align: center;\" width=\"40\">\u00a0<\/td>\n<\/tr>\n<p><!-- Spiel 34 --><\/p>\n<tr>\n<td style=\"text-align: center;\" width=\"50\">6.6.<\/td>\n<td width=\"200\">Haar Disciples<\/td>\n<td width=\"10\">vs.<\/td>\n<td width=\"200\">Mainz Athletics<\/td>\n<td style=\"text-align: center;\" width=\"40\">8-6<\/td>\n<td style=\"text-align: center;\" width=\"40\">10-5<\/td>\n<\/tr>\n<p><!-- Spiel 33 --><\/p>\n<tr style=\"background-color: #e5e5e5;\">\n<td style=\"text-align: center;\" width=\"50\">6.6.<\/td>\n<td width=\"200\">Neuenburg Atomics<\/td>\n<td width=\"10\">vs.<\/td>\n<td width=\"200\">Saarlouis Hornets<\/td>\n<td style=\"text-align: center;\" width=\"40\">1-16<\/td>\n<td style=\"text-align: center;\" width=\"40\">3-10<\/td>\n<\/tr>\n<p><!-- Spiel 32 --><\/p>\n<tr>\n<td style=\"text-align: center;\" width=\"50\">6.6.<\/td>\n<td width=\"200\">Gauting Indians<\/td>\n<td width=\"10\">vs.<\/td>\n<td width=\"200\"><strong>Mannheim Tornados<\/strong><\/td>\n<td style=\"text-align: center;\" width=\"40\">5-4<\/td>\n<td style=\"text-align: center;\" width=\"40\">10-5<\/td>\n<\/tr>\n<p><!-- Spiel 31 --><\/p>\n<tr style=\"background-color: #e5e5e5;\">\n<td style=\"text-align: center;\" width=\"50\">3.6.<\/td>\n<td width=\"200\">Buchbinder Legion\u00e4re<\/td>\n<td width=\"10\">vs.<\/td>\n<td width=\"200\">Neuenburg Atomics<\/td>\n<td style=\"text-align: center;\" width=\"40\">19-0<\/td>\n<td style=\"text-align: center;\" width=\"40\">11-1<\/td>\n<\/tr>\n<p><!-- Spiel 30 --><\/p>\n<tr>\n<td style=\"text-align: center;\" width=\"50\">30.5.<\/td>\n<td width=\"200\">Gauting Indians<\/td>\n<td width=\"10\">vs.<\/td>\n<td width=\"200\">Haar Disciples<\/td>\n<td style=\"text-align: center;\" width=\"40\">3-1<\/td>\n<td style=\"text-align: center;\" width=\"40\"><\/td>\n<\/tr>\n<p><!-- Spiel 29 --><\/p>\n<tr style=\"background-color: #e5e5e5;\">\n<td style=\"text-align: center;\" width=\"50\">29.5.<\/td>\n<td width=\"200\">Saarlouis Hornets<\/td>\n<td width=\"10\">vs.<\/td>\n<td width=\"200\"><strong>Heidenheim Heidek\u00f6pfe<\/strong><\/td>\n<td style=\"text-align: center;\" width=\"40\">3-14<\/td>\n<td style=\"text-align: center;\" width=\"40\">3-11<\/td>\n<\/tr>\n<p><!-- Spiel 28 --><\/p>\n<tr>\n<td style=\"text-align: center;\" width=\"50\">29.5.<\/td>\n<td width=\"200\">Mainz Athletics<\/td>\n<td width=\"10\">vs.<\/td>\n<td width=\"200\">Neuenburg Atomics<\/td>\n<td style=\"text-align: center;\" width=\"40\">5-3<\/td>\n<td style=\"text-align: center;\" width=\"40\">2-1<\/td>\n<\/tr>\n<p><!-- Spiel 27 --><\/p>\n<tr style=\"background-color: #e5e5e5;\">\n<td style=\"text-align: center;\" width=\"50\">28.\/29.5.<\/td>\n<td width=\"200\">Buchbinder Legion\u00e4re<\/td>\n<td width=\"10\">vs.<\/td>\n<td width=\"200\"><strong>Mannheim Tornados<\/strong><\/td>\n<td style=\"text-align: center;\" width=\"40\">5-7<\/td>\n<td style=\"text-align: center;\" width=\"40\">11-8<\/td>\n<\/tr>\n<p><!-- Spiel 26 --><\/p>\n<tr>\n<td style=\"text-align: center;\" width=\"50\">16.5.<\/td>\n<td width=\"200\"><strong>Mannheim Tornados<\/strong><\/td>\n<td width=\"10\">vs.<\/td>\n<td width=\"200\"><strong>Heidenheim Heidek\u00f6pfe<\/strong><\/td>\n<td style=\"text-align: center;\" width=\"40\">2-1<\/td>\n<td style=\"text-align: center;\" width=\"40\">4-15<\/td>\n<\/tr>\n<p><!-- Spiel 25 --><\/p>\n<tr style=\"background-color: #e5e5e5;\">\n<td style=\"text-align: center;\" width=\"50\">16.5.<\/td>\n<td width=\"200\">Gauting Indians<\/td>\n<td width=\"10\">vs.<\/td>\n<td width=\"200\">Neuenburg Atomics<\/td>\n<td style=\"text-align: center;\" width=\"40\">3-2<\/td>\n<td style=\"text-align: center;\" width=\"40\">11-4<\/td>\n<\/tr>\n<p><!-- Spiel 24 --><\/p>\n<tr>\n<td style=\"text-align: center;\" width=\"50\">15.5.<\/td>\n<td width=\"200\">Haar Disciples<\/td>\n<td width=\"10\">vs.<\/td>\n<td width=\"200\">Buchbinder Legion\u00e4re<\/td>\n<td style=\"text-align: center;\" width=\"40\">0-8<\/td>\n<td style=\"text-align: center;\" width=\"40\">0-14<\/td>\n<\/tr>\n<p><!-- Spiel 23 --><\/p>\n<tr style=\"background-color: #e5e5e5;\">\n<td style=\"text-align: center;\" width=\"50\">15.5.<\/td>\n<td width=\"200\">Mainz Athletics<\/td>\n<td width=\"10\">vs.<\/td>\n<td width=\"200\">Saarlouis Hornets<\/td>\n<td style=\"text-align: center;\" width=\"40\">2-3<\/td>\n<td style=\"text-align: center;\" width=\"40\">6-10<\/td>\n<\/tr>\n<p><!-- Spiel 22 --><\/p>\n<tr>\n<td style=\"text-align: center;\" width=\"50\">9.5.<\/td>\n<td width=\"200\"><strong>Heidenheim Heidek\u00f6pfe<\/strong><\/td>\n<td width=\"10\">vs.<\/td>\n<td width=\"200\">Mainz Athletics<\/td>\n<td style=\"text-align: center;\" width=\"40\">4-2<\/td>\n<td style=\"text-align: center;\" width=\"40\">8-0<\/td>\n<\/tr>\n<p><!-- Spiel 21 --><\/p>\n<tr style=\"background-color: #e5e5e5;\">\n<td style=\"text-align: center;\" width=\"50\">9.5.<\/td>\n<td width=\"200\">Haar Disciples<\/td>\n<td width=\"10\">vs.<\/td>\n<td width=\"200\"><strong>Mannheim Tornados<\/strong><\/td>\n<td style=\"text-align: center;\" width=\"40\">7-10<\/td>\n<td style=\"text-align: center;\" width=\"40\">9-5<\/td>\n<\/tr>\n<p><!-- Spiel 20 --><\/p>\n<tr>\n<td style=\"text-align: center;\" width=\"50\">9.5.<\/td>\n<td width=\"200\">Neuenburg Atomics<\/td>\n<td width=\"10\">vs.<\/td>\n<td width=\"200\">Buchbinder Legion\u00e4re<\/td>\n<td style=\"text-align: center;\" width=\"40\">1-10<\/td>\n<td style=\"text-align: center;\" width=\"40\">1-11<\/td>\n<\/tr>\n<p><!-- Spiel 19 --><\/p>\n<tr style=\"background-color: #e5e5e5;\">\n<td style=\"text-align: center;\" width=\"50\">8.5.<\/td>\n<td width=\"200\">Saarlouis Hornets<\/td>\n<td width=\"10\">vs.<\/td>\n<td width=\"200\">Gauting Indians<\/td>\n<td style=\"text-align: center;\" width=\"40\">3-4<\/td>\n<td style=\"text-align: center;\" width=\"40\">5-6<\/td>\n<\/tr>\n<p><!-- Spiel 18 --><\/p>\n<tr>\n<td style=\"text-align: center;\" width=\"50\">2.5.<\/td>\n<td width=\"200\">Gauting Indians<\/td>\n<td width=\"10\">vs.<\/td>\n<td width=\"200\">Mainz Athletics<\/td>\n<td style=\"text-align: center;\" width=\"40\">6-0<\/td>\n<td style=\"text-align: center;\" width=\"40\">&#8211;<\/td>\n<\/tr>\n<p><!-- Spiel 17 --><\/p>\n<tr style=\"background-color: #e5e5e5;\">\n<td style=\"text-align: center;\" width=\"50\">2.5.<\/td>\n<td width=\"200\"><strong>Mannheim Tornados<\/strong><\/td>\n<td width=\"10\">vs.<\/td>\n<td width=\"200\">Neuenburg Atomics<\/td>\n<td style=\"text-align: center;\" width=\"40\">12-2<\/td>\n<td style=\"text-align: center;\" width=\"40\">11-2<\/td>\n<\/tr>\n<p><!-- Spiel 16 --><\/p>\n<tr>\n<td style=\"text-align: center;\" width=\"50\">30.4.\/1.5.<\/td>\n<td width=\"200\">Buchbinder Legion\u00e4re<\/td>\n<td width=\"10\">vs.<\/td>\n<td width=\"200\">Saarlouis Hornets<\/td>\n<td style=\"text-align: center;\" width=\"40\">7-1<\/td>\n<td style=\"text-align: center;\" width=\"40\">10-2<\/td>\n<\/tr>\n<p><!-- Spiel 15 --><\/p>\n<tr style=\"background-color: #e5e5e5;\">\n<td style=\"text-align: center;\" width=\"50\">25.4.<\/td>\n<td width=\"200\">Neuenburg Atomics<\/td>\n<td width=\"10\">vs.<\/td>\n<td width=\"200\">Haar Disciples<\/td>\n<td style=\"text-align: center;\" width=\"40\">1-13<\/td>\n<td style=\"text-align: center;\" width=\"40\">1-6<\/td>\n<\/tr>\n<p><!-- Spiel 14 --><\/p>\n<tr>\n<td style=\"text-align: center;\" width=\"50\">25.4.<\/td>\n<td width=\"200\">Gauting Indians<\/td>\n<td width=\"10\">vs.<\/td>\n<td width=\"200\">Heidenheim Heidek\u00f6pfe<\/td>\n<td style=\"text-align: center;\" width=\"40\">2-10<\/td>\n<td style=\"text-align: center;\" width=\"40\">3-6<\/td>\n<\/tr>\n<p><!-- Spiel 13 --><\/p>\n<tr style=\"background-color: #e5e5e5;\">\n<td style=\"text-align: center;\" width=\"50\">24.4.<\/td>\n<td width=\"200\">Saarlouis Hornets<\/td>\n<td width=\"10\">vs.<\/td>\n<td width=\"200\"><strong>Mannheim Tornados<\/strong><\/td>\n<td style=\"text-align: center;\" width=\"40\">4-9<\/td>\n<td style=\"text-align: center;\" width=\"40\">5-15<\/td>\n<\/tr>\n<p><!-- Spiel 12 --><\/p>\n<tr>\n<td style=\"text-align: center;\" width=\"50\">24.4.<\/td>\n<td width=\"200\">Mainz Athletics<\/td>\n<td width=\"10\">vs.<\/td>\n<td width=\"200\">Buchbinder Legion\u00e4re<\/td>\n<td style=\"text-align: center;\" width=\"40\">7-9<\/td>\n<td style=\"text-align: center;\" width=\"40\">2-13<\/td>\n<\/tr>\n<p><!-- Spiel 11 --><\/p>\n<tr style=\"background-color: #e5e5e5;\">\n<td style=\"text-align: center;\" width=\"50\">18.4.<\/td>\n<td width=\"200\">Gauting Indians<\/td>\n<td width=\"10\">vs.<\/td>\n<td width=\"200\">Buchbinder Legion\u00e4re<\/td>\n<td style=\"text-align: center;\" width=\"40\">4-16<\/td>\n<td style=\"text-align: center;\" width=\"40\">3-15<\/td>\n<\/tr>\n<p><!-- Spiel 10 --><\/p>\n<tr>\n<td style=\"text-align: center;\" width=\"50\">18.4.<\/td>\n<td width=\"200\"><strong>Mannheim Tornados<\/strong><\/td>\n<td width=\"10\">vs.<\/td>\n<td width=\"200\">Mainz Athletics<\/td>\n<td style=\"text-align: center;\" width=\"40\">8-10<\/td>\n<td style=\"text-align: center;\" width=\"40\">12-9<\/td>\n<\/tr>\n<p><!-- Spiel 9 --><\/p>\n<tr style=\"background-color: #e5e5e5;\">\n<td style=\"text-align: center;\" width=\"50\">18.4.<\/td>\n<td width=\"200\">Haar Disciples<\/td>\n<td width=\"10\">vs.<\/td>\n<td width=\"200\">Saarlouis Hornets<\/td>\n<td style=\"text-align: center;\" width=\"40\">4-6<\/td>\n<td style=\"text-align: center;\" width=\"40\">\u00a0<\/td>\n<\/tr>\n<p><!-- Spiel 8 --><\/p>\n<tr>\n<td style=\"text-align: center;\" width=\"50\">18.4.<\/td>\n<td width=\"200\"><strong>Heidenheim Heidek\u00f6pfe<\/strong><\/td>\n<td width=\"10\">vs.<\/td>\n<td width=\"200\">Neuenburg Atomics<\/td>\n<td style=\"text-align: center;\" width=\"40\">12-3<\/td>\n<td style=\"text-align: center;\" width=\"40\">8-2<\/td>\n<\/tr>\n<p><!-- Spiel 7 --><\/p>\n<tr style=\"background-color: #e5e5e5;\">\n<td style=\"text-align: center;\" width=\"50\">10.4.<\/td>\n<td width=\"200\">Saarlouis Hornets<\/td>\n<td width=\"10\">vs.<\/td>\n<td width=\"200\">Neuenburg Atomics<\/td>\n<td style=\"text-align: center;\" width=\"40\">1-4<\/td>\n<td style=\"text-align: center;\" width=\"40\">8-3<\/td>\n<\/tr>\n<p><!-- Spiel 6 --><\/p>\n<tr>\n<td style=\"text-align: center;\" width=\"50\">10.4.<\/td>\n<td width=\"200\">Mainz Athletics<\/td>\n<td width=\"10\">vs.<\/td>\n<td width=\"200\">Haar Disciples<\/td>\n<td style=\"text-align: center;\" width=\"40\">14-3<\/td>\n<td style=\"text-align: center;\" width=\"40\">0-5<\/td>\n<\/tr>\n<p><!-- Spiel 5 --><\/p>\n<tr style=\"background-color: #e5e5e5;\">\n<td style=\"text-align: center;\" width=\"50\">9.\/10.4.<\/td>\n<td width=\"200\">Buchbinder Legion\u00e4re<\/td>\n<td width=\"10\">vs.<\/td>\n<td width=\"200\"><strong>Heidenheim Heidek\u00f6pfe<\/strong><\/td>\n<td style=\"text-align: center;\" width=\"40\">10-3<\/td>\n<td style=\"text-align: center;\" width=\"40\">5-3<\/td>\n<\/tr>\n<p><!-- Spiel 4 --><\/p>\n<tr>\n<td style=\"text-align: center;\" width=\"50\">5.4.<\/td>\n<td width=\"200\">Haar Disciples<\/td>\n<td width=\"10\">vs.<\/td>\n<td width=\"200\">Gauting Indians<\/td>\n<td style=\"text-align: center;\" width=\"40\">14-2<\/td>\n<td style=\"text-align: center;\" width=\"40\">10-6<\/td>\n<\/tr>\n<p><!-- Spiel 3 --><\/p>\n<tr style=\"background-color: #e5e5e5;\">\n<td style=\"text-align: center;\" width=\"50\">5.4.<\/td>\n<td width=\"200\"><strong>Mannheim Tornados<\/strong><\/td>\n<td width=\"10\">vs.<\/td>\n<td width=\"200\">Buchbinder Legion\u00e4re<\/td>\n<td style=\"text-align: center;\" width=\"40\">1-8<\/td>\n<td style=\"text-align: center;\" width=\"40\">2-9<\/td>\n<\/tr>\n<p><!-- Spiel 2 --><\/p>\n<tr>\n<td style=\"text-align: center;\" width=\"50\">5.4.<\/td>\n<td width=\"200\">Neuenburg Atomics<\/td>\n<td width=\"10\">vs.<\/td>\n<td width=\"200\">Mainz Athletics<\/td>\n<td style=\"text-align: center;\" width=\"40\">1-8<\/td>\n<td style=\"text-align: center;\" width=\"40\">1-5<\/td>\n<\/tr>\n<p><!-- Spiel 1 --><\/p>\n<tr style=\"background-color: #e5e5e5;\">\n<td style=\"text-align: center;\" width=\"50\">4.\/5.4.<\/td>\n<td width=\"200\"><strong>Heidenheim Heidek\u00f6pfe<\/strong><\/td>\n<td width=\"10\">vs.<\/td>\n<td width=\"200\">Saarlouis Hornets<\/td>\n<td style=\"text-align: center;\" width=\"40\">8-3<\/td>\n<td style=\"text-align: center;\" width=\"40\">15-11<\/td>\n<\/tr>\n<\/tbody>\n<\/table>\n","protected":false},"excerpt":{"rendered":"<p>Tabellen und Ergebnisse f\u00fcr 1. Bundesliga S\u00fcd Saison 2010 Tabelle 2010 Rank Team G V 1 Buchbinder Legion\u00e4re 17 1 2 Heidenheim Heidek\u00f6pfe 11 3 3 Haar Disciples 8 6 4 Gauting Indians 8 6 5 Mannheim Tornados 8 8 &hellip; <a href=\"http:\/\/www.baseball-zone.de\/?page_id=1197\">Weiterlesen <span class=\"meta-nav\">&rarr;<\/span><\/a><\/p>\n","protected":false},"author":2,"featured_media":0,"parent":806,"menu_order":1,"comment_status":"closed","ping_status":"open","template":"","meta":{"jetpack_post_was_ever_published":false},"jetpack_sharing_enabled":true,"jetpack_shortlink":"https:\/\/wp.me\/PhQOQ-jj","_links":{"self":[{"href":"http:\/\/www.baseball-zone.de\/index.php?rest_route=\/wp\/v2\/pages\/1197"}],"collection":[{"href":"http:\/\/www.baseball-zone.de\/index.php?rest_route=\/wp\/v2\/pages"}],"about":[{"href":"http:\/\/www.baseball-zone.de\/index.php?rest_route=\/wp\/v2\/types\/page"}],"author":[{"embeddable":true,"href":"http:\/\/www.baseball-zone.de\/index.php?rest_route=\/wp\/v2\/users\/2"}],"replies":[{"embeddable":true,"href":"http:\/\/www.baseball-zone.de\/index.php?rest_route=%2Fwp%2Fv2%2Fcomments&post=1197"}],"version-history":[{"count":85,"href":"http:\/\/www.baseball-zone.de\/index.php?rest_route=\/wp\/v2\/pages\/1197\/revisions"}],"predecessor-version":[{"id":2453,"href":"http:\/\/www.baseball-zone.de\/index.php?rest_route=\/wp\/v2\/pages\/1197\/revisions\/2453"}],"up":[{"embeddable":true,"href":"http:\/\/www.baseball-zone.de\/index.php?rest_route=\/wp\/v2\/pages\/806"}],"wp:attachment":[{"href":"http:\/\/www.baseball-zone.de\/index.php?rest_route=%2Fwp%2Fv2%2Fmedia&parent=1197"}],"curies":[{"name":"wp","href":"https:\/\/api.w.org\/{rel}","templated":true}]}}